{"id":113,"date":"2023-11-12T19:32:35","date_gmt":"2023-11-12T19:32:35","guid":{"rendered":"https:\/\/netpulsar.pl\/?page_id=113"},"modified":"2026-03-30T12:25:25","modified_gmt":"2026-03-30T12:25:25","slug":"polityka-prywatnosci","status":"publish","type":"page","link":"https:\/\/netpulsar.pl\/index.php\/polityka-prywatnosci\/","title":{"rendered":"Polityka prywatno\u015bci"},"content":{"rendered":"\t\t<div data-elementor-type=\"wp-page\" data-elementor-id=\"113\" class=\"elementor elementor-113\" data-elementor-post-type=\"page\">\n\t\t\t\t<div class=\"elementor-element elementor-element-700c7df e-flex e-con-boxed e-con e-parent\" data-id=\"700c7df\" data-element_type=\"container\" data-e-type=\"container\">\n\t\t\t\t\t<div class=\"e-con-inner\">\n\t\t<div class=\"elementor-element elementor-element-b4e6b11 e-flex e-con-boxed e-con e-child\" data-id=\"b4e6b11\" data-element_type=\"container\" data-e-type=\"container\">\n\t\t\t\t\t<div class=\"e-con-inner\">\n\t\t\t\t<div class=\"elementor-element elementor-element-7509176 elementor-widget elementor-widget-heading\" data-id=\"7509176\" data-element_type=\"widget\" data-e-type=\"widget\" data-widget_type=\"heading.default\">\n\t\t\t\t<div class=\"elementor-widget-container\">\n\t\t\t\t\t<h2 class=\"elementor-heading-title elementor-size-default\">Polityka prywatno\u015bci<\/h2>\t\t\t\t<\/div>\n\t\t\t\t<\/div>\n\t\t\t\t<div class=\"elementor-element elementor-element-d87bd23 elementor-widget elementor-widget-text-editor\" data-id=\"d87bd23\" data-element_type=\"widget\" data-e-type=\"widget\" data-widget_type=\"text-editor.default\">\n\t\t\t\t<div class=\"elementor-widget-container\">\n\t\t\t\t\t\t\t\t\t<h2>Informacja o przetwarzaniu danych osobowych<\/h2><p>Zgodnie z wymaganiami Rozporz\u0105dzenia Parlamentu Europejskiego i Rady (UE) 2016\/679 z dnia 27 kwietnia 2016 r. w sprawie ochrony os\u00f3b fizycznych w zwi\u0105zku z przetwarzaniem danych osobowych i w sprawie swobodnego przep\u0142ywu takich danych oraz uchylenia dyrektywy 95\/46\/WE (zwanej dalej \u201eRODO&#8221;), firma <strong>\u201eNetpulsar Sp. z o. o.&#8221;<\/strong> z siedzib\u0105 pod adresem 45-920 OPOLE, Janiny K\u0142opockiej 1, informuje o przetwarzaniu danych osobowych oraz przys\u0142uguj\u0105cych Ci prawach z tym zwi\u0105zanych.<\/p><h3>Administrator danych osobowych:<\/h3><p>Firma <strong>\u201eNetpulsar Sp. z o. o.&#8221;<\/strong><\/p><h3>Jakie Twoje dane s\u0105 przez nas przetwarzane?<\/h3><p>Gromadzimy i przetwarzamy informacje uzyskane od Ciebie podczas:<\/p><ul><li>wype\u0142niania formularza kontaktowego na stronie internetowej www.example.com<\/li><li>wype\u0142niania formularzy, ankiet oraz porozumie\u0144 w formie papierowej<\/li><li>prowadzenia rozm\u00f3w telefonicznych<\/li><li>wymiany korespondencji elektronicznej drog\u0105 e-mailow\u0105<\/li><\/ul><h3>Cel gromadzenia danych:<\/h3><p>Twoje dane b\u0119d\u0105 przetwarzane na podstawie Twojej zgody w celu realizacji us\u0142ug oraz dzia\u0142a\u0144 marketingowych, w tym:<\/p><ul><li>rozpoznania Twoich potrzeb<\/li><li>informowania o produktach i us\u0142ugach firmy <strong>Netpulsar Sp. z o. o.<\/strong><\/li><li>tworzenia oferty handlowej<\/li><li>przekazywania informacji o promocjach, akcjach i wydarzeniach<\/li><li>dostosowania reklam<\/li><li>tworzenia analiz, statystyk, raport\u00f3w oraz bada\u0144 marketingowych, je\u015bli b\u0119dzie to niezb\u0119dne do realizacji dzia\u0142a\u0144 zwi\u0105zanych z marketingiem<\/li><\/ul><h3>Komu mo\u017cemy powierzy\u0107 dane osobowe?<\/h3><p>Twoje dane osobowe mog\u0105 by\u0107 udost\u0119pniane:<\/p><ul><li>podmiotom uprawnionym do ich otrzymania na podstawie przepis\u00f3w prawa (np. s\u0105dom, organom ochrony prawnej, organom nadzoru)<\/li><li>podmiotom przetwarzaj\u0105cym Twoje dane w naszym imieniu, takim jak biuro rachunkowe, agencje reklamowe, podmioty obs\u0142uguj\u0105ce nasze systemy teleinformatyczne oraz podmioty \u015bwiadcz\u0105ce us\u0142ugi doradcze i konsultacyjne<\/li><\/ul><h3>Okres przechowywania danych:<\/h3><p>Twoje dane osobowe b\u0119d\u0105 przechowywane przez okres niezb\u0119dny do realizacji cel\u00f3w, dla kt\u00f3rych zosta\u0142y zebrane, zgodnie z obowi\u0105zuj\u0105cymi przepisami prawa, w tym przepisami dotycz\u0105cymi rachunkowo\u015bci i archiwizacji.<\/p><h3>Jakie masz prawa w stosunku do swoich danych?<\/h3><p>W zwi\u0105zku z przetwarzaniem Twoich danych osobowych przys\u0142uguj\u0105 Ci nast\u0119puj\u0105ce prawa:<\/p><ul><li>prawo dost\u0119pu do Twoich danych, ich poprawiania, \u017c\u0105dania usuni\u0119cia lub przeniesienia oraz ograniczenia przetwarzania Twoich danych<\/li><li>prawo do cofni\u0119cia zgody na przetwarzanie Twoich danych, bez wp\u0142ywu na zgodno\u015b\u0107 z prawem przetwarzania danych, kt\u00f3re mia\u0142o miejsce przed cofni\u0119ciem zgody<\/li><li>prawo do wniesienia skargi do w\u0142a\u015bciwego organu nadzoru, kt\u00f3rym jest Prezes Urz\u0119du Ochrony Danych Osobowych (PUODO)<\/li><\/ul><h3>Czy musisz podawa\u0107 swoje dane?<\/h3><p>Podanie Twoich danych jest dobrowolne. Jednak\u017ce niepodanie danych mo\u017ce skutkowa\u0107 brakiem mo\u017cliwo\u015bci korzystania z naszych us\u0142ug, otrzymywania spersonalizowanych informacji handlowych, uczestniczenia w akcjach promocyjnych oraz otrzymywania informacji o promocjach, wydarzeniach, akcjach i ofertach specjalnych.<\/p><h3>Z kim kontaktowa\u0107 si\u0119 w sprawach przetwarzania danych?<\/h3><p><strong>Netpulsar Sp. z o. o.<\/strong><br \/>E-mail: <a href=\"mailto:biuro@npulsar.pl\">netpulsar.opole@gmail.com<\/a><br \/>Telefon:+48 516-795-315<\/p>\t\t\t\t\t\t\t\t<\/div>\n\t\t\t\t<\/div>\n\t\t\t\t<div class=\"elementor-element elementor-element-735588f elementor-widget elementor-widget-heading\" data-id=\"735588f\" data-element_type=\"widget\" data-e-type=\"widget\" data-widget_type=\"heading.default\">\n\t\t\t\t<div class=\"elementor-widget-container\">\n\t\t\t\t\t<h2 class=\"elementor-heading-title elementor-size-default\">Polityka Cookies\n<\/h2>\t\t\t\t<\/div>\n\t\t\t\t<\/div>\n\t\t\t\t<div class=\"elementor-element elementor-element-8b53e87 elementor-widget elementor-widget-text-editor\" data-id=\"8b53e87\" data-element_type=\"widget\" data-e-type=\"widget\" data-widget_type=\"text-editor.default\">\n\t\t\t\t<div class=\"elementor-widget-container\">\n\t\t\t\t\t\t\t\t\t<h2>Polityka Cookies<\/h2><h3>Cele wykorzystywania plik\u00f3w cookies<\/h3><p>Pliki cookies wykorzystywane s\u0105 w nast\u0119puj\u0105cych celach:<\/p><ul><li>Tworzenia statystyk, kt\u00f3re pomagaj\u0105 zrozumie\u0107, w jaki spos\u00f3b U\u017cytkownicy Serwisu korzystaj\u0105 ze stron internetowych, co umo\u017cliwia ulepszanie ich struktury i zawarto\u015bci.<\/li><li>Utrzymania sesji U\u017cytkownika Serwisu (po zalogowaniu), dzi\u0119ki kt\u00f3rej U\u017cytkownik nie musi na ka\u017cdej podstronie Serwisu ponownie wpisywa\u0107 loginu i has\u0142a.<\/li><li>Okre\u015blenia profilu u\u017cytkownika w celu wy\u015bwietlania mu dopasowanych materia\u0142\u00f3w w sieciach reklamowych, w szczeg\u00f3lno\u015bci sieci Google.<\/li><\/ul><h3>Rodzaje plik\u00f3w cookies<\/h3><p>W ramach Serwisu stosowane s\u0105 dwa zasadnicze rodzaje plik\u00f3w cookies: <strong>\u201esesyjne&#8221;<\/strong> (session cookies) oraz <strong>\u201esta\u0142e&#8221;<\/strong> (persistent cookies).<\/p><p>Cookies \u201esesyjne&#8221; s\u0105 plikami tymczasowymi, kt\u00f3re przechowywane s\u0105 w urz\u0105dzeniu ko\u0144cowym U\u017cytkownika do czasu wylogowania, opuszczenia strony internetowej lub wy\u0142\u0105czenia oprogramowania (przegl\u0105darki internetowej).<\/p><p>\u201eSta\u0142e&#8221; pliki cookies przechowywane s\u0105 w urz\u0105dzeniu ko\u0144cowym U\u017cytkownika przez czas okre\u015blony w parametrach plik\u00f3w cookies lub do czasu ich usuni\u0119cia przez U\u017cytkownika.<\/p><h3>Ustawienia przegl\u0105darki<\/h3><p>Ustawienia wi\u0119kszo\u015bci przegl\u0105darek internetowych umo\u017cliwiaj\u0105 automatyczn\u0105 akceptacj\u0119 plik\u00f3w cookies. Mo\u017cecie Pa\u0144stwo jednak zablokowa\u0107 trwa\u0142e zapisywanie plik\u00f3w cookies lub wprowadzi\u0107 takie ustawienia w Pa\u0144stwa przegl\u0105darce, by informowa\u0142a Pa\u0144stwa o ka\u017cdorazowym umieszczeniu cookies w Pa\u0144stwa urz\u0105dzeniu.<\/p><p>Zaznaczamy, \u017ce w przypadku ca\u0142kowitego wy\u0142\u0105czenia cookies nie wszystkie funkcje tej strony internetowej b\u0105d\u017a innych stron, kt\u00f3re Pa\u0144stwo odwiedzacie, b\u0119d\u0105 dzia\u0142a\u0107 prawid\u0142owo.<\/p><h3>Polityka prywatno\u015bci partner\u00f3w<\/h3><p>Zalecamy przeczytanie polityki ochrony prywatno\u015bci tych firm, aby pozna\u0107 zasady korzystania z plik\u00f3w cookie wykorzystywane w statystykach: <a href=\"https:\/\/policies.google.com\/privacy\" target=\"_blank\" rel=\"noopener\">Polityka ochrony prywatno\u015bci Google Analytics<\/a>.<\/p><h3>Reklamy dopasowane<\/h3><p>Pliki cookies mog\u0105 by\u0107 wykorzystane przez sieci reklamowe, w szczeg\u00f3lno\u015bci sie\u0107 Google, do wy\u015bwietlenia reklam dopasowanych do sposobu, w jaki u\u017cytkownik korzysta z Serwisu. W tym celu mog\u0105 zachowa\u0107 informacj\u0119 o \u015bcie\u017cce nawigacji u\u017cytkownika lub czasie pozostawania na danej stronie.<\/p><p>W zakresie informacji o preferencjach u\u017cytkownika gromadzonych przez sie\u0107 reklamow\u0105 Google u\u017cytkownik mo\u017ce przegl\u0105da\u0107 i edytowa\u0107 informacje wynikaj\u0105ce z plik\u00f3w cookies przy pomocy narz\u0119dzia: <a href=\"https:\/\/www.google.com\/ads\/preferences\/\" target=\"_blank\" rel=\"noopener\">www.google.com\/ads\/preferences\/<\/a>.<\/p>\t\t\t\t\t\t\t\t<\/div>\n\t\t\t\t<\/div>\n\t\t\t\t\t<\/div>\n\t\t\t\t<\/div>\n\t\t\t\t\t<\/div>\n\t\t\t\t<\/div>\n\t\t\t\t<\/div>\n\t\t","protected":false},"excerpt":{"rendered":"<p>Polityka prywatno\u015bci Informacja o przetwarzaniu danych osobowych Zgodnie z wymaganiami Rozporz\u0105dzenia Parlamentu Europejskiego i Rady (UE) 2016\/679 z dnia 27 kwietnia 2016 r. w sprawie ochrony os\u00f3b fizycznych w zwi\u0105zku z przetwarzaniem danych osobowych i w sprawie swobodnego przep\u0142ywu takich danych oraz uchylenia dyrektywy 95\/46\/WE (zwanej dalej \u201eRODO&#8221;), firma \u201eNetpulsar Sp. z o. o.&#8221; z [&hellip;]<\/p>\n","protected":false},"author":1,"featured_media":0,"parent":0,"menu_order":0,"comment_status":"closed","ping_status":"closed","template":"","meta":{"site-sidebar-layout":"default","site-content-layout":"","ast-site-content-layout":"default","site-content-style":"default","site-sidebar-style":"default","ast-global-header-display":"","ast-banner-title-visibility":"","ast-main-header-display":"","ast-hfb-above-header-display":"","ast-hfb-below-header-display":"","ast-hfb-mobile-header-display":"","site-post-title":"","ast-breadcrumbs-content":"","ast-featured-img":"","footer-sml-layout":"","ast-disable-related-posts":"","theme-transparent-header-meta":"","adv-header-id-meta":"","stick-header-meta":"","header-above-stick-meta":"","header-main-stick-meta":"","header-below-stick-meta":"","astra-migrate-meta-layouts":"default","ast-page-background-enabled":"default","ast-page-background-meta":{"desktop":{"background-color":"var(--ast-global-color-4)","background-image":"","background-repeat":"repeat","background-position":"center center","background-size":"auto","background-attachment":"scroll","background-type":"","background-media":"","overlay-type":"","overlay-color":"","overlay-opacity":"","overlay-gradient":""},"tablet":{"background-color":"","background-image":"","background-repeat":"repeat","background-position":"center center","background-size":"auto","background-attachment":"scroll","background-type":"","background-media":"","overlay-type":"","overlay-color":"","overlay-opacity":"","overlay-gradient":""},"mobile":{"background-color":"","background-image":"","background-repeat":"repeat","background-position":"center center","background-size":"auto","background-attachment":"scroll","background-type":"","background-media":"","overlay-type":"","overlay-color":"","overlay-opacity":"","overlay-gradient":""}},"ast-content-background-meta":{"desktop":{"background-color":"var(--ast-global-color-5)","background-image":"","background-repeat":"repeat","background-position":"center center","background-size":"auto","background-attachment":"scroll","background-type":"","background-media":"","overlay-type":"","overlay-color":"","overlay-opacity":"","overlay-gradient":""},"tablet":{"background-color":"var(--ast-global-color-5)","background-image":"","background-repeat":"repeat","background-position":"center center","background-size":"auto","background-attachment":"scroll","background-type":"","background-media":"","overlay-type":"","overlay-color":"","overlay-opacity":"","overlay-gradient":""},"mobile":{"background-color":"var(--ast-global-color-5)","background-image":"","background-repeat":"repeat","background-position":"center center","background-size":"auto","background-attachment":"scroll","background-type":"","background-media":"","overlay-type":"","overlay-color":"","overlay-opacity":"","overlay-gradient":""}},"footnotes":""},"class_list":["post-113","page","type-page","status-publish","hentry"],"_links":{"self":[{"href":"https:\/\/netpulsar.pl\/index.php\/wp-json\/wp\/v2\/pages\/113","targetHints":{"allow":["GET"]}}],"collection":[{"href":"https:\/\/netpulsar.pl\/index.php\/wp-json\/wp\/v2\/pages"}],"about":[{"href":"https:\/\/netpulsar.pl\/index.php\/wp-json\/wp\/v2\/types\/page"}],"author":[{"embeddable":true,"href":"https:\/\/netpulsar.pl\/index.php\/wp-json\/wp\/v2\/users\/1"}],"replies":[{"embeddable":true,"href":"https:\/\/netpulsar.pl\/index.php\/wp-json\/wp\/v2\/comments?post=113"}],"version-history":[{"count":22,"href":"https:\/\/netpulsar.pl\/index.php\/wp-json\/wp\/v2\/pages\/113\/revisions"}],"predecessor-version":[{"id":1200,"href":"https:\/\/netpulsar.pl\/index.php\/wp-json\/wp\/v2\/pages\/113\/revisions\/1200"}],"wp:attachment":[{"href":"https:\/\/netpulsar.pl\/index.php\/wp-json\/wp\/v2\/media?parent=113"}],"curies":[{"name":"wp","href":"https:\/\/api.w.org\/{rel}","templated":true}]}}