{"id":322,"date":"2024-01-31T10:12:54","date_gmt":"2024-01-31T10:12:54","guid":{"rendered":"https:\/\/netpulsar.pl\/?page_id=322"},"modified":"2026-03-02T12:07:08","modified_gmt":"2026-03-02T12:07:08","slug":"sklepy-internetowe","status":"publish","type":"page","link":"https:\/\/netpulsar.pl\/index.php\/sklepy-internetowe\/","title":{"rendered":"Sklepy internetowe"},"content":{"rendered":"\t\t<div data-elementor-type=\"wp-page\" data-elementor-id=\"322\" class=\"elementor elementor-322\" data-elementor-post-type=\"page\">\n\t\t\t\t<div class=\"elementor-element elementor-element-7fa2471 e-flex e-con-boxed e-con e-parent\" data-id=\"7fa2471\" data-element_type=\"container\" data-e-type=\"container\" data-settings=\"{&quot;background_background&quot;:&quot;classic&quot;}\">\n\t\t\t\t\t<div class=\"e-con-inner\">\n\t\t\t\t<div class=\"elementor-element elementor-element-3e3965d elementor-widget elementor-widget-heading\" data-id=\"3e3965d\" data-element_type=\"widget\" data-e-type=\"widget\" data-widget_type=\"heading.default\">\n\t\t\t\t<div class=\"elementor-widget-container\">\n\t\t\t\t\t<h1 class=\"elementor-heading-title elementor-size-default\">Tworzymy i projektujemy sklepy internetowe<\/h1>\t\t\t\t<\/div>\n\t\t\t\t<\/div>\n\t\t\t\t<div class=\"elementor-element elementor-element-0ed2bc9 elementor-widget elementor-widget-text-editor\" data-id=\"0ed2bc9\" data-element_type=\"widget\" data-e-type=\"widget\" data-widget_type=\"text-editor.default\">\n\t\t\t\t<div class=\"elementor-widget-container\">\n\t\t\t\t\t\t\t\t\t<p>Projektujemy i wdra\u017camy unikalne sklepy internetowe oraz platformy e-commerce dostosowane do indywidualnych potrzeb Twojej marki. Naszym g\u0142\u00f3wnym obszarem specjalizacji jest <strong data-start=\"518\" data-end=\"532\">PrestaShop<\/strong>, a dodatkowo oferujemy wdro\u017cenia na nowoczesnym systemie <strong data-start=\"590\" data-end=\"602\">Shopware<\/strong>. Zapewniamy kompleksow\u0105 obs\u0142ug\u0119 \u2013 od etapu planowania, przez realizacj\u0119, a\u017c po dalszy rozw\u00f3j Twojego biznesu online.<\/p>\t\t\t\t\t\t\t\t<\/div>\n\t\t\t\t<\/div>\n\t\t\t\t\t<\/div>\n\t\t\t\t<\/div>\n\t\t<div class=\"elementor-element elementor-element-de1bf9e e-flex e-con-boxed e-con e-parent\" data-id=\"de1bf9e\" data-element_type=\"container\" data-e-type=\"container\">\n\t\t\t\t\t<div class=\"e-con-inner\">\n\t\t\t\t<div class=\"elementor-element elementor-element-f554385 elementor-widget elementor-widget-heading\" data-id=\"f554385\" data-element_type=\"widget\" data-e-type=\"widget\" data-widget_type=\"heading.default\">\n\t\t\t\t<div class=\"elementor-widget-container\">\n\t\t\t\t\t<h2 class=\"elementor-heading-title elementor-size-default\">Dlaczego warto przenie\u015b\u0107 biznes do Internetu?\n<\/h2>\t\t\t\t<\/div>\n\t\t\t\t<\/div>\n\t\t\t\t<div class=\"elementor-element elementor-element-d141338 elementor-widget__width-initial elementor-widget elementor-widget-text-editor\" data-id=\"d141338\" data-element_type=\"widget\" data-e-type=\"widget\" data-widget_type=\"text-editor.default\">\n\t\t\t\t<div class=\"elementor-widget-container\">\n\t\t\t\t\t\t\t\t\t<ul><li data-start=\"780\" data-end=\"903\"><p data-start=\"782\" data-end=\"903\"><strong data-start=\"782\" data-end=\"803\">Nowi klienci 24\/7<\/strong> \u2013 sklep online dzia\u0142a bez ogranicze\u0144 czasowych, docierasz do klient\u00f3w o ka\u017cdej porze dnia i nocy.<\/p><\/li><li data-start=\"904\" data-end=\"1025\"><p data-start=\"906\" data-end=\"1025\"><strong data-start=\"906\" data-end=\"937\">Brak ogranicze\u0144 lokalizacji<\/strong> \u2013 Twoje produkty mog\u0105 by\u0107 kupowane w ca\u0142ej Polsce, Europie, a nawet na ca\u0142ym \u015bwiecie.<\/p><\/li><li data-start=\"1026\" data-end=\"1144\"><p data-start=\"1028\" data-end=\"1144\"><strong data-start=\"1028\" data-end=\"1045\">Ni\u017csze koszty<\/strong> \u2013 redukcja koszt\u00f3w utrzymania tradycyjnego sklepu, wi\u0119ksza automatyzacja proces\u00f3w sprzeda\u017cowych.<\/p><\/li><li data-start=\"1145\" data-end=\"1282\"><p data-start=\"1147\" data-end=\"1282\"><strong data-start=\"1147\" data-end=\"1178\">Lepsza kontrola i analityka<\/strong> \u2013 \u015bledzenie zachowa\u0144 klient\u00f3w, analiza sprzeda\u017cy i skuteczniejsze planowanie strategii marketingowej.<\/p><\/li><li data-start=\"1283\" data-end=\"1385\"><p data-start=\"1285\" data-end=\"1385\"><strong data-start=\"1285\" data-end=\"1301\">Elastyczno\u015b\u0107<\/strong> \u2013 \u0142atwe rozszerzanie oferty, integracja z nowymi kana\u0142ami sprzeda\u017cy i dostawcami.<\/p><\/li><\/ul>\t\t\t\t\t\t\t\t<\/div>\n\t\t\t\t<\/div>\n\t\t\t\t\t<\/div>\n\t\t\t\t<\/div>\n\t\t<div class=\"elementor-element elementor-element-392fd1c e-flex e-con-boxed e-con e-parent\" data-id=\"392fd1c\" data-element_type=\"container\" data-e-type=\"container\" data-settings=\"{&quot;background_background&quot;:&quot;classic&quot;}\">\n\t\t\t\t\t<div class=\"e-con-inner\">\n\t\t<div class=\"elementor-element elementor-element-909f046 e-con-full e-flex e-con e-child\" data-id=\"909f046\" data-element_type=\"container\" data-e-type=\"container\">\n\t\t\t\t<div class=\"elementor-element elementor-element-7be5ec5 elementor-widget elementor-widget-heading\" data-id=\"7be5ec5\" data-element_type=\"widget\" data-e-type=\"widget\" data-widget_type=\"heading.default\">\n\t\t\t\t<div class=\"elementor-widget-container\">\n\t\t\t\t\t<h2 class=\"elementor-heading-title elementor-size-default\">Projektowanie i Tworzenie Sklep\u00f3w<\/h2>\t\t\t\t<\/div>\n\t\t\t\t<\/div>\n\t\t\t\t<div class=\"elementor-element elementor-element-51d142e elementor-widget__width-initial elementor-widget elementor-widget-text-editor\" data-id=\"51d142e\" data-element_type=\"widget\" data-e-type=\"widget\" data-widget_type=\"text-editor.default\">\n\t\t\t\t<div class=\"elementor-widget-container\">\n\t\t\t\t\t\t\t\t\t<ul><li data-start=\"1432\" data-end=\"1494\"><p data-start=\"1434\" data-end=\"1494\">Indywidualny design dopasowany do charakteru Twojej marki.<\/p><\/li><li data-start=\"1495\" data-end=\"1570\"><p data-start=\"1497\" data-end=\"1570\">Pe\u0142na konfiguracja sklepu na platformach <strong data-start=\"1538\" data-end=\"1552\">PrestaShop<\/strong> i <strong data-start=\"1555\" data-end=\"1567\">Shopware<\/strong>.<\/p><\/li><li data-start=\"1571\" data-end=\"1648\"><p data-start=\"1573\" data-end=\"1648\">Integracja z p\u0142atno\u015bciami online dla bezpiecznych i wygodnych transakcji.<\/p><\/li><li data-start=\"1649\" data-end=\"1692\"><p data-start=\"1651\" data-end=\"1692\">Integracja z przewo\u017anikami kurierskimi.<\/p><\/li><li data-start=\"1693\" data-end=\"1745\"><p data-start=\"1695\" data-end=\"1745\">Integracja z systemami magazynowo\u2013sprzeda\u017cowymi.<\/p><\/li><li data-start=\"1746\" data-end=\"1813\"><p data-start=\"1748\" data-end=\"1813\">Responsywno\u015b\u0107 i intuicyjna nawigacja dla komfortu u\u017cytkownik\u00f3w.<\/p><\/li><li data-start=\"1814\" data-end=\"1880\"><p data-start=\"1816\" data-end=\"1880\">Po\u0142\u0105czenie z <strong data-start=\"1829\" data-end=\"1840\">Allegro<\/strong> i innymi popularnymi marketplace\u2019ami.<\/p><\/li><\/ul>\t\t\t\t\t\t\t\t<\/div>\n\t\t\t\t<\/div>\n\t\t\t\t<\/div>\n\t\t<div class=\"elementor-element elementor-element-93dbb27 e-con-full e-flex e-con e-child\" data-id=\"93dbb27\" data-element_type=\"container\" data-e-type=\"container\" data-settings=\"{&quot;background_background&quot;:&quot;classic&quot;}\">\n\t\t\t\t<\/div>\n\t\t\t\t\t<\/div>\n\t\t\t\t<\/div>\n\t\t<div class=\"elementor-element elementor-element-99c807f e-flex e-con-boxed e-con e-parent\" data-id=\"99c807f\" data-element_type=\"container\" data-e-type=\"container\" data-settings=\"{&quot;background_background&quot;:&quot;classic&quot;}\">\n\t\t\t\t\t<div class=\"e-con-inner\">\n\t\t<div class=\"elementor-element elementor-element-b3b71bb e-con-full e-flex e-con e-child\" data-id=\"b3b71bb\" data-element_type=\"container\" data-e-type=\"container\" data-settings=\"{&quot;background_background&quot;:&quot;classic&quot;}\">\n\t\t\t\t<div class=\"elementor-element elementor-element-5ed42a6 elementor-widget elementor-widget-heading\" data-id=\"5ed42a6\" data-element_type=\"widget\" data-e-type=\"widget\" data-widget_type=\"heading.default\">\n\t\t\t\t<div class=\"elementor-widget-container\">\n\t\t\t\t\t<h2 class=\"elementor-heading-title elementor-size-default\">Rozw\u00f3j i Promocja:\n<\/h2>\t\t\t\t<\/div>\n\t\t\t\t<\/div>\n\t\t\t\t<div class=\"elementor-element elementor-element-a630231 elementor-widget elementor-widget-text-editor\" data-id=\"a630231\" data-element_type=\"widget\" data-e-type=\"widget\" data-widget_type=\"text-editor.default\">\n\t\t\t\t<div class=\"elementor-widget-container\">\n\t\t\t\t\t\t\t\t\t<p><strong>Pozycjonowanie:<\/strong><\/p><ul><li>Optymalizacja tre\u015bci i struktury witryny, aby\u015b by\u0142 \u0142atwiej odnajdywany w wynikach wyszukiwania.<\/li><\/ul><p><strong>Reklama Produktowa ADS:<\/strong><\/p><ul><li>Wydziel si\u0119 w t\u0142umie poprzez efektywne kampanie reklamowe zwi\u0105zane z Twoimi produktami.<\/li><\/ul><p><strong>Reklama w Social Media:<\/strong><\/p><ul><li>Wykorzystaj potencja\u0142 medi\u00f3w spo\u0142eczno\u015bciowych do budowania marki i zwi\u0119kszania widoczno\u015bci.<\/li><\/ul><p><strong>Us\u0142ugi Google ADS:<\/strong><\/p><ul><li>Skuteczne kampanie reklamowe w Google, aby dotrze\u0107 do potencjalnych klient\u00f3w w najbardziej efektywny spos\u00f3b.<\/li><\/ul>\t\t\t\t\t\t\t\t<\/div>\n\t\t\t\t<\/div>\n\t\t\t\t<\/div>\n\t\t\t\t\t<\/div>\n\t\t\t\t<\/div>\n\t\t<div class=\"elementor-element elementor-element-2bc4fa9 e-flex e-con-boxed e-con e-parent\" data-id=\"2bc4fa9\" data-element_type=\"container\" data-e-type=\"container\">\n\t\t\t\t\t<div class=\"e-con-inner\">\n\t\t<div class=\"elementor-element elementor-element-2fa51c3 e-con-full e-flex e-con e-child\" data-id=\"2fa51c3\" data-element_type=\"container\" data-e-type=\"container\">\n\t\t\t\t<div class=\"elementor-element elementor-element-8d9fa7f elementor-widget elementor-widget-heading\" data-id=\"8d9fa7f\" data-element_type=\"widget\" data-e-type=\"widget\" data-widget_type=\"heading.default\">\n\t\t\t\t<div class=\"elementor-widget-container\">\n\t\t\t\t\t<h2 class=\"elementor-heading-title elementor-size-default\">Dlaczego My?\n<\/h2>\t\t\t\t<\/div>\n\t\t\t\t<\/div>\n\t\t\t\t<div class=\"elementor-element elementor-element-bd19820 elementor-widget elementor-widget-text-editor\" data-id=\"bd19820\" data-element_type=\"widget\" data-e-type=\"widget\" data-widget_type=\"text-editor.default\">\n\t\t\t\t<div class=\"elementor-widget-container\">\n\t\t\t\t\t\t\t\t\t<ul><li>Do\u015bwiadczony zesp\u00f3\u0142 specjalist\u00f3w z pasj\u0105 do e-commerce.<\/li><li>Indywidualne podej\u015bcie do ka\u017cdego klienta.<\/li><li>Indywidualne zaanga\u017cowanie w skuteczno\u015b\u0107 projektu<\/li><li>Skupienie na innowacyjnych rozwi\u0105zaniach i najnowszych trendach.<\/li><li>Bardzo konkurencyjne ceny<\/li><\/ul><p><br \/>Rozpocznij z nami swoj\u0105 cyfrow\u0105 podr\u00f3\u017c handlow\u0105 ju\u017c dzi\u015b!<\/p><p>Skontaktuj si\u0119 z nami, a pomo\u017cemy Ci osi\u0105gn\u0105\u0107 sukces online.<\/p>\t\t\t\t\t\t\t\t<\/div>\n\t\t\t\t<\/div>\n\t\t\t\t<\/div>\n\t\t<div class=\"elementor-element elementor-element-8288fd0 e-con-full e-flex e-con e-child\" data-id=\"8288fd0\" data-element_type=\"container\" data-e-type=\"container\">\n\t\t\t\t<div class=\"elementor-element elementor-element-ed3aa07 elementor-widget elementor-widget-image\" data-id=\"ed3aa07\" data-element_type=\"widget\" data-e-type=\"widget\" data-widget_type=\"image.default\">\n\t\t\t\t<div class=\"elementor-widget-container\">\n\t\t\t\t\t\t\t\t\t\t\t\t\t\t\t<img fetchpriority=\"high\" decoding=\"async\" width=\"2560\" height=\"1707\" src=\"https:\/\/netpulsar.pl\/wp-content\/uploads\/2024\/01\/pexels-kampus-production-7289746-scaled.jpg\" class=\"attachment-full size-full wp-image-326\" alt=\"\" srcset=\"https:\/\/netpulsar.pl\/wp-content\/uploads\/2024\/01\/pexels-kampus-production-7289746-scaled.jpg 2560w, https:\/\/netpulsar.pl\/wp-content\/uploads\/2024\/01\/pexels-kampus-production-7289746-300x200.jpg 300w, https:\/\/netpulsar.pl\/wp-content\/uploads\/2024\/01\/pexels-kampus-production-7289746-1024x683.jpg 1024w, https:\/\/netpulsar.pl\/wp-content\/uploads\/2024\/01\/pexels-kampus-production-7289746-768x512.jpg 768w, https:\/\/netpulsar.pl\/wp-content\/uploads\/2024\/01\/pexels-kampus-production-7289746-1536x1024.jpg 1536w, https:\/\/netpulsar.pl\/wp-content\/uploads\/2024\/01\/pexels-kampus-production-7289746-2048x1365.jpg 2048w\" sizes=\"(max-width: 2560px) 100vw, 2560px\">\t\t\t\t\t\t\t\t\t\t\t\t\t\t\t<\/div>\n\t\t\t\t<\/div>\n\t\t\t\t<\/div>\n\t\t\t\t\t<\/div>\n\t\t\t\t<\/div>\n\t\t<div class=\"elementor-element elementor-element-86d298a e-flex e-con-boxed e-con e-parent\" data-id=\"86d298a\" data-element_type=\"container\" data-e-type=\"container\">\n\t\t\t\t\t<div class=\"e-con-inner\">\n\t\t\t\t<div class=\"elementor-element elementor-element-c45704f elementor-widget elementor-widget-heading\" data-id=\"c45704f\" data-element_type=\"widget\" data-e-type=\"widget\" data-widget_type=\"heading.default\">\n\t\t\t\t<div class=\"elementor-widget-container\">\n\t\t\t\t\t<h2 class=\"elementor-heading-title elementor-size-default\">Wybrane realizacje<\/h2>\t\t\t\t<\/div>\n\t\t\t\t<\/div>\n\t\t\t\t\t<\/div>\n\t\t\t\t<\/div>\n\t\t<div class=\"elementor-element elementor-element-b1ebba9 e-flex e-con-boxed e-con e-parent\" data-id=\"b1ebba9\" data-element_type=\"container\" data-e-type=\"container\">\n\t\t\t\t\t<div class=\"e-con-inner\">\n\t\t\t\t<div class=\"elementor-element elementor-element-6646d9e elementor-widget elementor-widget-html\" data-id=\"6646d9e\" data-element_type=\"widget\" data-e-type=\"widget\" data-widget_type=\"html.default\">\n\t\t\t\t<div class=\"elementor-widget-container\">\n\t\t\t\t\t<section style=\"max-width:1100px;margin:0 auto;padding:40px 0;\">\r\n\r\n  <div style=\"display:grid;grid-template-columns:repeat(auto-fit,minmax(270px,1fr));gap:32px;\">\r\n    <div style=\"background:#fff;border-radius:16px;box-shadow:0 2px 16px #0001;padding:16px;text-align:center;\">\r\n      <a href=\"https:\/\/aweg.pl\/\" target=\"_blank\" style=\"text-decoration:none;color:inherit;\" rel=\"noopener\">\r\n        <img decoding=\"async\" src=\"https:\/\/image.thum.io\/get\/width\/350\/crop\/https:\/\/aweg.pl\/\" alt=\"Aweg.pl\" style=\"border-radius:12px;width:100%;height:160px;object-fit:cover;margin-bottom:12px;\">\r\n        <div style=\"font-weight:bold;font-size:1.07em;margin-bottom:4px;\">Aweg.pl<\/div>\r\n        <div style=\"font-size:0.97em;color:#333;\">Sklep z bogatym wyborem artyku\u0142\u00f3w biurowych i szkolnych \u2013 szybko, tanio i wygodnie.<\/div>\r\n      <\/a>\r\n    <\/div>\r\n  \r\n    <div style=\"background:#fff;border-radius:16px;box-shadow:0 2px 16px #0001;padding:16px;text-align:center;\">\r\n      <a href=\"https:\/\/pakujmy.pl\/\" target=\"_blank\" style=\"text-decoration:none;color:inherit;\" rel=\"noopener\">\r\n        <img decoding=\"async\" src=\"https:\/\/image.thum.io\/get\/width\/350\/crop\/https:\/\/pakujmy.pl\/\" alt=\"Pakujmy.pl\" style=\"border-radius:12px;width:100%;height:160px;object-fit:cover;margin-bottom:12px;\">\r\n        <div style=\"font-weight:bold;font-size:1.07em;margin-bottom:4px;\">Pakujmy.pl<\/div>\r\n        <div style=\"font-size:0.97em;color:#333;\">Wszystko do pakowania \u2013 sklep z opakowaniami, pude\u0142kami i akcesoriami wysy\u0142kowymi.<\/div>\r\n      <\/a>\r\n    <\/div>\r\n    <div style=\"background:#fff;border-radius:16px;box-shadow:0 2px 16px #0001;padding:16px;text-align:center;\">\r\n      <a href=\"https:\/\/husator.pl\/\" target=\"_blank\" style=\"text-decoration:none;color:inherit;\" rel=\"noopener\">\r\n        <img decoding=\"async\" src=\"https:\/\/image.thum.io\/get\/width\/350\/crop\/https:\/\/husator.pl\/\" alt=\"Husator.pl\" style=\"border-radius:12px;width:100%;height:160px;object-fit:cover;margin-bottom:12px;\">\r\n        <div style=\"font-weight:bold;font-size:1.07em;margin-bottom:4px;\">Husator.pl<\/div>\r\n        <div style=\"font-size:0.97em;color:#333;\">Sklep dla fan\u00f3w motoryzacji \u2013 motocykle, quady i cz\u0119\u015bci zamienne w jednym miejscu.<\/div>\r\n      <\/a>\r\n    <\/div>\r\n    \r\n    \r\n  <\/div>\r\n<\/section>\r\n\t\t\t\t<\/div>\n\t\t\t\t<\/div>\n\t\t\t\t\t<\/div>\n\t\t\t\t<\/div>\n\t\t<div class=\"elementor-element elementor-element-f979fd3 e-flex e-con-boxed e-con e-parent\" data-id=\"f979fd3\" data-element_type=\"container\" data-e-type=\"container\" data-settings=\"{&quot;background_background&quot;:&quot;classic&quot;}\">\n\t\t\t\t\t<div class=\"e-con-inner\">\n\t\t\t\t<div class=\"elementor-element elementor-element-a014c6d elementor-widget elementor-widget-heading\" data-id=\"a014c6d\" data-element_type=\"widget\" data-e-type=\"widget\" data-widget_type=\"heading.default\">\n\t\t\t\t<div class=\"elementor-widget-container\">\n\t\t\t\t\t<h2 class=\"elementor-heading-title elementor-size-default\">Rozpocznij z nami swoj\u0105 cyfrow\u0105 podr\u00f3\u017c handlow\u0105 ju\u017c dzi\u015b!<\/h2>\t\t\t\t<\/div>\n\t\t\t\t<\/div>\n\t\t\t\t<div class=\"elementor-element elementor-element-bed3c5c elementor-widget elementor-widget-text-editor\" data-id=\"bed3c5c\" data-element_type=\"widget\" data-e-type=\"widget\" data-widget_type=\"text-editor.default\">\n\t\t\t\t<div class=\"elementor-widget-container\">\n\t\t\t\t\t\t\t\t\t<p data-start=\"3960\" data-end=\"4026\"><strong data-start=\"3960\" data-end=\"4024\">Skontaktuj si\u0119 z nami, a pomo\u017cemy Ci osi\u0105gn\u0105\u0107 sukces online.<\/strong><\/p>\t\t\t\t\t\t\t\t<\/div>\n\t\t\t\t<\/div>\n\t\t\t\t<div class=\"elementor-element elementor-element-a650f52 elementor-align-center elementor-widget elementor-widget-button\" data-id=\"a650f52\" data-element_type=\"widget\" data-e-type=\"widget\" data-widget_type=\"button.default\">\n\t\t\t\t<div class=\"elementor-widget-container\">\n\t\t\t\t\t\t\t\t\t<div class=\"elementor-button-wrapper\">\n\t\t\t\t\t<a class=\"elementor-button elementor-button-link elementor-size-sm\" href=\"https:\/\/netpulsar.pl\/index.php\/kontakt\/\">\n\t\t\t\t\t\t<span class=\"elementor-button-content-wrapper\">\n\t\t\t\t\t\t\t\t\t<span class=\"elementor-button-text\">SKONTAKTUJ SI\u0118!<\/span>\n\t\t\t\t\t<\/span>\n\t\t\t\t\t<\/a>\n\t\t\t\t<\/div>\n\t\t\t\t\t\t\t\t<\/div>\n\t\t\t\t<\/div>\n\t\t\t\t\t<\/div>\n\t\t\t\t<\/div>\n\t\t\t\t<\/div>\n\t\t","protected":false},"excerpt":{"rendered":"<p>Tworzymy i projektujemy sklepy internetowe Projektujemy i wdra\u017camy unikalne sklepy internetowe oraz platformy e-commerce dostosowane do indywidualnych potrzeb Twojej marki. Naszym g\u0142\u00f3wnym obszarem specjalizacji jest PrestaShop, a dodatkowo oferujemy wdro\u017cenia na nowoczesnym systemie Shopware. Zapewniamy kompleksow\u0105 obs\u0142ug\u0119 \u2013 od etapu planowania, przez realizacj\u0119, a\u017c po dalszy rozw\u00f3j Twojego biznesu online. Dlaczego warto przenie\u015b\u0107 biznes do [&hellip;]<\/p>\n","protected":false},"author":1,"featured_media":0,"parent":0,"menu_order":0,"comment_status":"closed","ping_status":"closed","template":"","meta":{"site-sidebar-layout":"no-sidebar","site-content-layout":"","ast-site-content-layout":"full-width-container","site-content-style":"default","site-sidebar-style":"default","ast-global-header-display":"","ast-banner-title-visibility":"","ast-main-header-display":"","ast-hfb-above-header-display":"","ast-hfb-below-header-display":"","ast-hfb-mobile-header-display":"","site-post-title":"disabled","ast-breadcrumbs-content":"","ast-featured-img":"disabled","footer-sml-layout":"","ast-disable-related-posts":"","theme-transparent-header-meta":"","adv-header-id-meta":"","stick-header-meta":"","header-above-stick-meta":"","header-main-stick-meta":"","header-below-stick-meta":"","astra-migrate-meta-layouts":"default","ast-page-background-enabled":"default","ast-page-background-meta":{"desktop":{"background-color":"var(--ast-global-color-4)","background-image":"","background-repeat":"repeat","background-position":"center center","background-size":"auto","background-attachment":"scroll","background-type":"","background-media":"","overlay-type":"","overlay-color":"","overlay-opacity":"","overlay-gradient":""},"tablet":{"background-color":"","background-image":"","background-repeat":"repeat","background-position":"center center","background-size":"auto","background-attachment":"scroll","background-type":"","background-media":"","overlay-type":"","overlay-color":"","overlay-opacity":"","overlay-gradient":""},"mobile":{"background-color":"","background-image":"","background-repeat":"repeat","background-position":"center center","background-size":"auto","background-attachment":"scroll","background-type":"","background-media":"","overlay-type":"","overlay-color":"","overlay-opacity":"","overlay-gradient":""}},"ast-content-background-meta":{"desktop":{"background-color":"var(--ast-global-color-5)","background-image":"","background-repeat":"repeat","background-position":"center center","background-size":"auto","background-attachment":"scroll","background-type":"","background-media":"","overlay-type":"","overlay-color":"","overlay-opacity":"","overlay-gradient":""},"tablet":{"background-color":"var(--ast-global-color-5)","background-image":"","background-repeat":"repeat","background-position":"center center","background-size":"auto","background-attachment":"scroll","background-type":"","background-media":"","overlay-type":"","overlay-color":"","overlay-opacity":"","overlay-gradient":""},"mobile":{"background-color":"var(--ast-global-color-5)","background-image":"","background-repeat":"repeat","background-position":"center center","background-size":"auto","background-attachment":"scroll","background-type":"","background-media":"","overlay-type":"","overlay-color":"","overlay-opacity":"","overlay-gradient":""}},"footnotes":""},"class_list":["post-322","page","type-page","status-publish","hentry"],"_links":{"self":[{"href":"https:\/\/netpulsar.pl\/index.php\/wp-json\/wp\/v2\/pages\/322","targetHints":{"allow":["GET"]}}],"collection":[{"href":"https:\/\/netpulsar.pl\/index.php\/wp-json\/wp\/v2\/pages"}],"about":[{"href":"https:\/\/netpulsar.pl\/index.php\/wp-json\/wp\/v2\/types\/page"}],"author":[{"embeddable":true,"href":"https:\/\/netpulsar.pl\/index.php\/wp-json\/wp\/v2\/users\/1"}],"replies":[{"embeddable":true,"href":"https:\/\/netpulsar.pl\/index.php\/wp-json\/wp\/v2\/comments?post=322"}],"version-history":[{"count":65,"href":"https:\/\/netpulsar.pl\/index.php\/wp-json\/wp\/v2\/pages\/322\/revisions"}],"predecessor-version":[{"id":1175,"href":"https:\/\/netpulsar.pl\/index.php\/wp-json\/wp\/v2\/pages\/322\/revisions\/1175"}],"wp:attachment":[{"href":"https:\/\/netpulsar.pl\/index.php\/wp-json\/wp\/v2\/media?parent=322"}],"curies":[{"name":"wp","href":"https:\/\/api.w.org\/{rel}","templated":true}]}}