{"id":44,"date":"2023-11-09T12:40:42","date_gmt":"2023-11-09T12:40:42","guid":{"rendered":"https:\/\/netpulsar.pl\/?page_id=44"},"modified":"2025-08-29T09:24:26","modified_gmt":"2025-08-29T09:24:26","slug":"pozycjonowanie-stron","status":"publish","type":"page","link":"https:\/\/netpulsar.pl\/index.php\/pozycjonowanie-stron\/","title":{"rendered":"Pozycjonowanie stron"},"content":{"rendered":"\t\t<div data-elementor-type=\"wp-page\" data-elementor-id=\"44\" class=\"elementor elementor-44\" data-elementor-post-type=\"page\">\n\t\t\t\t<div class=\"elementor-element elementor-element-bcd5bab e-flex e-con-boxed e-con e-parent\" data-id=\"bcd5bab\" data-element_type=\"container\" data-e-type=\"container\" data-settings=\"{&quot;background_background&quot;:&quot;classic&quot;}\">\n\t\t\t\t\t<div class=\"e-con-inner\">\n\t\t<div class=\"elementor-element elementor-element-0f11624 e-flex e-con-boxed e-con e-child\" data-id=\"0f11624\" data-element_type=\"container\" data-e-type=\"container\">\n\t\t\t\t\t<div class=\"e-con-inner\">\n\t\t\t\t<div class=\"elementor-element elementor-element-b601a00 elementor-widget elementor-widget-heading\" data-id=\"b601a00\" data-element_type=\"widget\" data-e-type=\"widget\" data-widget_type=\"heading.default\">\n\t\t\t\t<div class=\"elementor-widget-container\">\n\t\t\t\t\t<h2 class=\"elementor-heading-title elementor-size-default\">Pozycjonowanie stron internetowych\n<\/h2>\t\t\t\t<\/div>\n\t\t\t\t<\/div>\n\t\t\t\t<div class=\"elementor-element elementor-element-e632d6b elementor-widget elementor-widget-text-editor\" data-id=\"e632d6b\" data-element_type=\"widget\" data-e-type=\"widget\" data-widget_type=\"text-editor.default\">\n\t\t\t\t<div class=\"elementor-widget-container\">\n\t\t\t\t\t\t\t\t\t<p>Profesjonalne pozycjonowanie stron internetowych \u2013 zwi\u0119ksz widoczno\u015b\u0107 Twojej firmy w Google i przyci\u0105gnij wi\u0119cej klient\u00f3w. Oferujemy kompleksowe us\u0142ugi SEO: optymalizacj\u0119 tre\u015bci, meta tag\u00f3w, link building, audyt i analiz\u0119 konkurencji. Zwi\u0119kszamy ruch, poprawiamy konwersj\u0119 i budujemy autorytet marki. Regularny monitoring pozycji oraz transparentne raportowanie pozwala na skuteczne dzia\u0142ania i maksymalne efekty. Skontaktuj si\u0119 i zacznij zdobywa\u0107 wy\u017csze pozycje ju\u017c dzi\u015b!<\/p>\t\t\t\t\t\t\t\t<\/div>\n\t\t\t\t<\/div>\n\t\t\t\t\t<\/div>\n\t\t\t\t<\/div>\n\t\t\t\t\t<\/div>\n\t\t\t\t<\/div>\n\t\t<div class=\"elementor-element elementor-element-073992c e-flex e-con-boxed e-con e-parent\" data-id=\"073992c\" data-element_type=\"container\" data-e-type=\"container\">\n\t\t\t\t\t<div class=\"e-con-inner\">\n\t\t<div class=\"elementor-element elementor-element-7913364 e-con-full e-flex e-con e-child\" data-id=\"7913364\" data-element_type=\"container\" data-e-type=\"container\">\n\t\t\t\t<div class=\"elementor-element elementor-element-3c2cda3 elementor-widget elementor-widget-heading\" data-id=\"3c2cda3\" data-element_type=\"widget\" data-e-type=\"widget\" data-widget_type=\"heading.default\">\n\t\t\t\t<div class=\"elementor-widget-container\">\n\t\t\t\t\t<h1 class=\"elementor-heading-title elementor-size-default\">Pozycjonowanie stron internetowych\n<\/h1>\t\t\t\t<\/div>\n\t\t\t\t<\/div>\n\t\t\t\t<div class=\"elementor-element elementor-element-adca9bd elementor-widget elementor-widget-heading\" data-id=\"adca9bd\" data-element_type=\"widget\" data-e-type=\"widget\" data-widget_type=\"heading.default\">\n\t\t\t\t<div class=\"elementor-widget-container\">\n\t\t\t\t\t<h2 class=\"elementor-heading-title elementor-size-default\">Co to jest pozycjonowanie stron (SEO)?\n\n<\/h2>\t\t\t\t<\/div>\n\t\t\t\t<\/div>\n\t\t\t\t<div class=\"elementor-element elementor-element-4d13905 elementor-widget elementor-widget-text-editor\" data-id=\"4d13905\" data-element_type=\"widget\" data-e-type=\"widget\" data-widget_type=\"text-editor.default\">\n\t\t\t\t<div class=\"elementor-widget-container\">\n\t\t\t\t\t\t\t\t\t<p>Pozycjonowanie stron internetowych, czyli SEO (Search Engine Optimization), to proces optymalizacji strony pod k\u0105tem wyszukiwarek internetowych, g\u0142\u00f3wnie Google. Celem jest osi\u0105gni\u0119cie jak najwy\u017cszych pozycji w organicznych wynikach wyszukiwania dla wybranych s\u0142\u00f3w kluczowych. Dzi\u0119ki temu, gdy potencjalny klient wpisze w wyszukiwark\u0119 fraz\u0119 zwi\u0105zan\u0105 z Twoj\u0105 dzia\u0142alno\u015bci\u0105, Twoja strona pojawi si\u0119 na jednej z pierwszych pozycji, zwi\u0119kszaj\u0105c szans\u0119 na odwiedzenie strony i skorzystanie z Twojej oferty.<\/p>\t\t\t\t\t\t\t\t<\/div>\n\t\t\t\t<\/div>\n\t\t\t\t<\/div>\n\t\t<div class=\"elementor-element elementor-element-ed5fab2 e-con-full e-flex e-con e-child\" data-id=\"ed5fab2\" data-element_type=\"container\" data-e-type=\"container\">\n\t\t\t\t<div class=\"elementor-element elementor-element-ab41882 elementor-widget elementor-widget-image\" data-id=\"ab41882\" data-element_type=\"widget\" data-e-type=\"widget\" data-widget_type=\"image.default\">\n\t\t\t\t<div class=\"elementor-widget-container\">\n\t\t\t\t\t\t\t\t\t\t\t\t\t\t\t<img fetchpriority=\"high\" decoding=\"async\" width=\"1024\" height=\"1024\" src=\"https:\/\/netpulsar.pl\/wp-content\/uploads\/2024\/10\/Designer-1wd.jpeg\" class=\"attachment-large size-large wp-image-614\" alt=\"pozycjonowanie stron, tworzenie stron internetowych\" srcset=\"https:\/\/netpulsar.pl\/wp-content\/uploads\/2024\/10\/Designer-1wd.jpeg 1024w, https:\/\/netpulsar.pl\/wp-content\/uploads\/2024\/10\/Designer-1wd-300x300.jpeg 300w, https:\/\/netpulsar.pl\/wp-content\/uploads\/2024\/10\/Designer-1wd-150x150.jpeg 150w, https:\/\/netpulsar.pl\/wp-content\/uploads\/2024\/10\/Designer-1wd-768x768.jpeg 768w\" sizes=\"(max-width: 1024px) 100vw, 1024px\" \/>\t\t\t\t\t\t\t\t\t\t\t\t\t\t\t<\/div>\n\t\t\t\t<\/div>\n\t\t\t\t<\/div>\n\t\t\t\t\t<\/div>\n\t\t\t\t<\/div>\n\t\t<div class=\"elementor-element elementor-element-30dbd2f e-flex e-con-boxed e-con e-parent\" data-id=\"30dbd2f\" data-element_type=\"container\" data-e-type=\"container\">\n\t\t\t\t\t<div class=\"e-con-inner\">\n\t\t<div class=\"elementor-element elementor-element-673f68a e-con-full e-flex e-con e-child\" data-id=\"673f68a\" data-element_type=\"container\" data-e-type=\"container\">\n\t\t\t\t<div class=\"elementor-element elementor-element-931c67b elementor-widget elementor-widget-image\" data-id=\"931c67b\" data-element_type=\"widget\" data-e-type=\"widget\" data-widget_type=\"image.default\">\n\t\t\t\t<div class=\"elementor-widget-container\">\n\t\t\t\t\t\t\t\t\t\t\t\t\t\t\t<img decoding=\"async\" width=\"1024\" height=\"1024\" src=\"https:\/\/netpulsar.pl\/wp-content\/uploads\/2024\/10\/Designer-1_ewrwer.jpeg\" class=\"attachment-large size-large wp-image-615\" alt=\"pozycjonowanie stron internetowych\" srcset=\"https:\/\/netpulsar.pl\/wp-content\/uploads\/2024\/10\/Designer-1_ewrwer.jpeg 1024w, https:\/\/netpulsar.pl\/wp-content\/uploads\/2024\/10\/Designer-1_ewrwer-300x300.jpeg 300w, https:\/\/netpulsar.pl\/wp-content\/uploads\/2024\/10\/Designer-1_ewrwer-150x150.jpeg 150w, https:\/\/netpulsar.pl\/wp-content\/uploads\/2024\/10\/Designer-1_ewrwer-768x768.jpeg 768w\" sizes=\"(max-width: 1024px) 100vw, 1024px\" \/>\t\t\t\t\t\t\t\t\t\t\t\t\t\t\t<\/div>\n\t\t\t\t<\/div>\n\t\t\t\t<\/div>\n\t\t<div class=\"elementor-element elementor-element-fe650d3 e-con-full e-flex e-con e-child\" data-id=\"fe650d3\" data-element_type=\"container\" data-e-type=\"container\">\n\t\t\t\t<div class=\"elementor-element elementor-element-f67b954 elementor-widget elementor-widget-heading\" data-id=\"f67b954\" data-element_type=\"widget\" data-e-type=\"widget\" data-widget_type=\"heading.default\">\n\t\t\t\t<div class=\"elementor-widget-container\">\n\t\t\t\t\t<h2 class=\"elementor-heading-title elementor-size-default\">Dlaczego pozycjonowanie jest wa\u017cne?\n\n\n<\/h2>\t\t\t\t<\/div>\n\t\t\t\t<\/div>\n\t\t\t\t<div class=\"elementor-element elementor-element-96ee8a0 elementor-widget elementor-widget-text-editor\" data-id=\"96ee8a0\" data-element_type=\"widget\" data-e-type=\"widget\" data-widget_type=\"text-editor.default\">\n\t\t\t\t<div class=\"elementor-widget-container\">\n\t\t\t\t\t\t\t\t\t<ul><li data-sourcepos=\"11:1-11:112\"><strong>Wi\u0119kszy ruch na stronie:<\/strong> Im wy\u017csza pozycja w wynikach wyszukiwania, tym wi\u0119cej os\u00f3b odwiedzi Twoj\u0105 stron\u0119.<\/li><li data-sourcepos=\"12:1-12:135\"><strong>Wzrost rozpoznawalno\u015bci marki:<\/strong> Regularna obecno\u015b\u0107 w wynikach wyszukiwania zwi\u0119ksza \u015bwiadomo\u015b\u0107 marki w\u015br\u00f3d potencjalnych klient\u00f3w.<\/li><li data-sourcepos=\"13:1-13:118\"><strong>Zwi\u0119kszenie sprzeda\u017cy:<\/strong> Wi\u0119ksza liczba odwiedzaj\u0105cych to wi\u0119ksza szansa na konwersj\u0119, czyli np. dokonanie zakupu.<\/li><li data-sourcepos=\"14:1-15:0\"><strong>Budowanie autorytetu:<\/strong> Wysoka pozycja w wynikach wyszukiwania \u015bwiadczy o jako\u015bci i rzetelno\u015bci Twojej strony.<\/li><\/ul>\t\t\t\t\t\t\t\t<\/div>\n\t\t\t\t<\/div>\n\t\t\t\t<\/div>\n\t\t\t\t\t<\/div>\n\t\t\t\t<\/div>\n\t\t<div class=\"elementor-element elementor-element-b0c5833 e-flex e-con-boxed e-con e-parent\" data-id=\"b0c5833\" data-element_type=\"container\" data-e-type=\"container\" data-settings=\"{&quot;background_background&quot;:&quot;classic&quot;}\">\n\t\t\t\t\t<div class=\"e-con-inner\">\n\t\t<div class=\"elementor-element elementor-element-b9650ce e-con-full e-flex e-con e-child\" data-id=\"b9650ce\" data-element_type=\"container\" data-e-type=\"container\">\n\t\t\t\t<div class=\"elementor-element elementor-element-758f218 elementor-widget elementor-widget-heading\" data-id=\"758f218\" data-element_type=\"widget\" data-e-type=\"widget\" data-widget_type=\"heading.default\">\n\t\t\t\t<div class=\"elementor-widget-container\">\n\t\t\t\t\t<h2 class=\"elementor-heading-title elementor-size-default\">Kompleksowe us\u0142ugi\n<\/h2>\t\t\t\t<\/div>\n\t\t\t\t<\/div>\n\t\t\t\t<div class=\"elementor-element elementor-element-eef22b7 elementor-widget elementor-widget-text-editor\" data-id=\"eef22b7\" data-element_type=\"widget\" data-e-type=\"widget\" data-widget_type=\"text-editor.default\">\n\t\t\t\t<div class=\"elementor-widget-container\">\n\t\t\t\t\t\t\t\t\tNasze us\u0142ugi obejmuj\u0105 kompleksowe pozycjonowanie strony, kt\u00f3re zaczyna si\u0119 od dok\u0142adnej analizy konkurencji oraz s\u0142\u00f3w kluczowych, kt\u00f3re s\u0105 najwa\u017cniejsze dla Twojej bran\u017cy. Dzi\u0119ki temu mo\u017cemy skutecznie dopasowa\u0107 strategi\u0119 pozycjonowania, kt\u00f3ra przyniesie wymierne efekty.\t\t\t\t\t\t\t\t<\/div>\n\t\t\t\t<\/div>\n\t\t\t\t<div class=\"elementor-element elementor-element-88de0ad elementor-widget elementor-widget-heading\" data-id=\"88de0ad\" data-element_type=\"widget\" data-e-type=\"widget\" data-widget_type=\"heading.default\">\n\t\t\t\t<div class=\"elementor-widget-container\">\n\t\t\t\t\t<h2 class=\"elementor-heading-title elementor-size-default\">Optymalizacja stron\n<\/h2>\t\t\t\t<\/div>\n\t\t\t\t<\/div>\n\t\t\t\t<div class=\"elementor-element elementor-element-8c571dd elementor-widget elementor-widget-text-editor\" data-id=\"8c571dd\" data-element_type=\"widget\" data-e-type=\"widget\" data-widget_type=\"text-editor.default\">\n\t\t\t\t<div class=\"elementor-widget-container\">\n\t\t\t\t\t\t\t\t\tW ramach naszych us\u0142ug oferujemy r\u00f3wnie\u017c optymalizacj\u0119 strony pod k\u0105tem SEO, czyli popraw\u0119 jej struktury i tre\u015bci, tak aby by\u0142a bardziej zgodna z wymaganiami algorytm\u00f3w wyszukiwarek. Dodatkowo zajmujemy si\u0119 link buildingiem, czyli pozyskiwaniem warto\u015bciowych link\u00f3w prowadz\u0105cych do Twojej strony, co wp\u0142ywa na jej wy\u017csze pozycje w wynikach wyszukiwania.\n\t\t\t\t\t\t\t\t<\/div>\n\t\t\t\t<\/div>\n\t\t\t\t<\/div>\n\t\t<div class=\"elementor-element elementor-element-4404d49 e-con-full e-flex e-con e-child\" data-id=\"4404d49\" data-element_type=\"container\" data-e-type=\"container\">\n\t\t<div class=\"elementor-element elementor-element-450f597 e-flex e-con-boxed e-con e-child\" data-id=\"450f597\" data-element_type=\"container\" data-e-type=\"container\">\n\t\t\t\t\t<div class=\"e-con-inner\">\n\t\t\t\t<div class=\"elementor-element elementor-element-c179c86 elementor-widget elementor-widget-image\" data-id=\"c179c86\" data-element_type=\"widget\" data-e-type=\"widget\" data-widget_type=\"image.default\">\n\t\t\t\t<div class=\"elementor-widget-container\">\n\t\t\t\t\t\t\t\t\t\t\t\t\t\t\t<img decoding=\"async\" width=\"500\" height=\"250\" src=\"https:\/\/netpulsar.pl\/wp-content\/uploads\/2023\/11\/2.png\" class=\"attachment-large size-large wp-image-138\" alt=\"\" srcset=\"https:\/\/netpulsar.pl\/wp-content\/uploads\/2023\/11\/2.png 500w, https:\/\/netpulsar.pl\/wp-content\/uploads\/2023\/11\/2-300x150.png 300w\" sizes=\"(max-width: 500px) 100vw, 500px\">\t\t\t\t\t\t\t\t\t\t\t\t\t\t\t<\/div>\n\t\t\t\t<\/div>\n\t\t\t\t\t<\/div>\n\t\t\t\t<\/div>\n\t\t<div class=\"elementor-element elementor-element-c37a998 e-flex e-con-boxed e-con e-child\" data-id=\"c37a998\" data-element_type=\"container\" data-e-type=\"container\">\n\t\t\t\t\t<div class=\"e-con-inner\">\n\t\t\t\t<div class=\"elementor-element elementor-element-bc259a3 elementor-widget elementor-widget-image\" data-id=\"bc259a3\" data-element_type=\"widget\" data-e-type=\"widget\" data-widget_type=\"image.default\">\n\t\t\t\t<div class=\"elementor-widget-container\">\n\t\t\t\t\t\t\t\t\t\t\t\t\t\t\t<img loading=\"lazy\" decoding=\"async\" width=\"500\" height=\"250\" src=\"https:\/\/netpulsar.pl\/wp-content\/uploads\/2023\/11\/bing.png\" class=\"attachment-large size-large wp-image-150\" alt=\"\" srcset=\"https:\/\/netpulsar.pl\/wp-content\/uploads\/2023\/11\/bing.png 500w, https:\/\/netpulsar.pl\/wp-content\/uploads\/2023\/11\/bing-300x150.png 300w\" sizes=\"(max-width: 500px) 100vw, 500px\">\t\t\t\t\t\t\t\t\t\t\t\t\t\t\t<\/div>\n\t\t\t\t<\/div>\n\t\t\t\t\t<\/div>\n\t\t\t\t<\/div>\n\t\t\t\t<\/div>\n\t\t\t\t\t<\/div>\n\t\t\t\t<\/div>\n\t\t<div class=\"elementor-element elementor-element-ed05ef2 e-flex e-con-boxed e-con e-parent\" data-id=\"ed05ef2\" data-element_type=\"container\" data-e-type=\"container\" data-settings=\"{&quot;background_background&quot;:&quot;classic&quot;}\">\n\t\t\t\t\t<div class=\"e-con-inner\">\n\t\t<div class=\"elementor-element elementor-element-76bdbbc e-flex e-con-boxed e-con e-child\" data-id=\"76bdbbc\" data-element_type=\"container\" data-e-type=\"container\">\n\t\t\t\t\t<div class=\"e-con-inner\">\n\t\t\t\t<div class=\"elementor-element elementor-element-939fdc1 elementor-widget elementor-widget-heading\" data-id=\"939fdc1\" data-element_type=\"widget\" data-e-type=\"widget\" data-widget_type=\"heading.default\">\n\t\t\t\t<div class=\"elementor-widget-container\">\n\t\t\t\t\t<h2 class=\"elementor-heading-title elementor-size-default\">Optymalizacja i Pozycjonowanie Stron WWW - Wybij si\u0119 na Szczyt Wyszukiwarek!\n<\/h2>\t\t\t\t<\/div>\n\t\t\t\t<\/div>\n\t\t\t\t<div class=\"elementor-element elementor-element-1c2c19f elementor-widget elementor-widget-text-editor\" data-id=\"1c2c19f\" data-element_type=\"widget\" data-e-type=\"widget\" data-widget_type=\"text-editor.default\">\n\t\t\t\t<div class=\"elementor-widget-container\">\n\t\t\t\t\t\t\t\t\tCzy Twoja strona internetowa jest niewidoczna w wynikach wyszukiwania Google? Czy marzysz o zwi\u0119kszeniu ruchu na swojej stronie i przyci\u0105gni\u0119ciu nowych klient\u00f3w? Nasza firma specjalizuje si\u0119 w optymalizacji i pozycjonowaniu stron WWW, i jeste\u015bmy gotowi pom\u00f3c Ci osi\u0105gn\u0105\u0107 sukces online.\n\t\t\t\t\t\t\t\t<\/div>\n\t\t\t\t<\/div>\n\t\t\t\t\t<\/div>\n\t\t\t\t<\/div>\n\t\t\t\t\t<\/div>\n\t\t\t\t<\/div>\n\t\t<div class=\"elementor-element elementor-element-be167d7 e-flex e-con-boxed e-con e-parent\" data-id=\"be167d7\" data-element_type=\"container\" data-e-type=\"container\" data-settings=\"{&quot;background_background&quot;:&quot;classic&quot;}\">\n\t\t\t\t\t<div class=\"e-con-inner\">\n\t\t\t\t<div class=\"elementor-element elementor-element-02014c2 elementor-widget elementor-widget-text-editor\" data-id=\"02014c2\" data-element_type=\"widget\" data-e-type=\"widget\" data-widget_type=\"text-editor.default\">\n\t\t\t\t<div class=\"elementor-widget-container\">\n\t\t\t\t\t\t\t\t\t<h3>Skuteczna Optymalizacja:<\/h3><p>Przeprowadzamy pe\u0142n\u0105 analiz\u0119 Twojej strony i opracowujemy spersonalizowany plan optymalizacji. Optymalizujemy tre\u015bci, meta tagi, a tak\u017ce pr\u0119dko\u015b\u0107 i wydajno\u015b\u0107 strony, aby poprawi\u0107 jej pozycje w wynikach wyszukiwania.<\/p><h3>Monitoring i Raportowanie:<\/h3><p>Zapewniamy regularne raporty z post\u0119p\u00f3w naszych dzia\u0142a\u0144, aby\u015b m\u00f3g\u0142 \u015bledzi\u0107 efekty naszej pracy. Nasza transparentno\u015b\u0107 pozwala Ci zrozumie\u0107, jakie zmiany wprowadzamy i jakie korzy\u015bci przynosz\u0105 Twojej stronie.<\/p><h3>Badanie Konkurencji:<\/h3><p>Analizujemy tak\u017ce Twoj\u0105 konkurencj\u0119, aby dowiedzie\u0107 si\u0119, co mo\u017cemy zrobi\u0107, aby wyprzedzi\u0107 ich w wynikach wyszukiwania i zdominowa\u0107 swoj\u0105 bran\u017c\u0119.<\/p><h3>Wsparcie i Konsultacje:<\/h3><p>Jeste\u015bmy tu, aby odpowiedzie\u0107 na Twoje pytania, doradzi\u0107 i pom\u00f3c Ci zrozumie\u0107, jak dzia\u0142a pozycjonowanie. Nasze szkolenia pomog\u0105 Ci lepiej zrozumie\u0107 strategie SEO i uczyni\u0105 Ci\u0119 bardziej samodzielny w zarz\u0105dzaniu swoj\u0105 stron\u0105.<\/p>\t\t\t\t\t\t\t\t<\/div>\n\t\t\t\t<\/div>\n\t\t\t\t\t<\/div>\n\t\t\t\t<\/div>\n\t\t<div class=\"elementor-element elementor-element-4bccc78 e-flex e-con-boxed e-con e-parent\" data-id=\"4bccc78\" data-element_type=\"container\" data-e-type=\"container\">\n\t\t\t\t\t<div class=\"e-con-inner\">\n\t\t\t\t<div class=\"elementor-element elementor-element-2e81963 elementor-widget elementor-widget-heading\" data-id=\"2e81963\" data-element_type=\"widget\" data-e-type=\"widget\" data-widget_type=\"heading.default\">\n\t\t\t\t<div class=\"elementor-widget-container\">\n\t\t\t\t\t<h2 class=\"elementor-heading-title elementor-size-default\">Zapraszamy do skorzystania z us\u0142ug naszej firmy, kt\u00f3ra zajmuje si\u0119 profesjonalnym pozycjonowaniem stron internetowych. Nasze do\u015bwiadczenie i wiedza pozwoli na osi\u0105gni\u0119cie wysokich pozycji w wynikach wyszukiwania, co przyczyni si\u0119 do zwi\u0119kszenia ruchu na Twojej stronie.\n<\/h2>\t\t\t\t<\/div>\n\t\t\t\t<\/div>\n\t\t\t\t\t<\/div>\n\t\t\t\t<\/div>\n\t\t\t\t<\/div>\n\t\t","protected":false},"excerpt":{"rendered":"<p>Pozycjonowanie stron internetowych Profesjonalne pozycjonowanie stron internetowych \u2013 zwi\u0119ksz widoczno\u015b\u0107 Twojej firmy w Google i przyci\u0105gnij wi\u0119cej klient\u00f3w. Oferujemy kompleksowe us\u0142ugi SEO: optymalizacj\u0119 tre\u015bci, meta tag\u00f3w, link building, audyt i analiz\u0119 konkurencji. Zwi\u0119kszamy ruch, poprawiamy konwersj\u0119 i budujemy autorytet marki. Regularny monitoring pozycji oraz transparentne raportowanie pozwala na skuteczne dzia\u0142ania i maksymalne efekty. Skontaktuj si\u0119 [&hellip;]<\/p>\n","protected":false},"author":1,"featured_media":0,"parent":0,"menu_order":0,"comment_status":"closed","ping_status":"closed","template":"","meta":{"site-sidebar-layout":"default","site-content-layout":"","ast-site-content-layout":"default","site-content-style":"default","site-sidebar-style":"default","ast-global-header-display":"","ast-banner-title-visibility":"","ast-main-header-display":"","ast-hfb-above-header-display":"","ast-hfb-below-header-display":"","ast-hfb-mobile-header-display":"","site-post-title":"","ast-breadcrumbs-content":"","ast-featured-img":"","footer-sml-layout":"","ast-disable-related-posts":"","theme-transparent-header-meta":"","adv-header-id-meta":"","stick-header-meta":"","header-above-stick-meta":"","header-main-stick-meta":"","header-below-stick-meta":"","astra-migrate-meta-layouts":"default","ast-page-background-enabled":"default","ast-page-background-meta":{"desktop":{"background-color":"var(--ast-global-color-4)","background-image":"","background-repeat":"repeat","background-position":"center center","background-size":"auto","background-attachment":"scroll","background-type":"","background-media":"","overlay-type":"","overlay-color":"","overlay-opacity":"","overlay-gradient":""},"tablet":{"background-color":"","background-image":"","background-repeat":"repeat","background-position":"center center","background-size":"auto","background-attachment":"scroll","background-type":"","background-media":"","overlay-type":"","overlay-color":"","overlay-opacity":"","overlay-gradient":""},"mobile":{"background-color":"","background-image":"","background-repeat":"repeat","background-position":"center center","background-size":"auto","background-attachment":"scroll","background-type":"","background-media":"","overlay-type":"","overlay-color":"","overlay-opacity":"","overlay-gradient":""}},"ast-content-background-meta":{"desktop":{"background-color":"var(--ast-global-color-5)","background-image":"","background-repeat":"repeat","background-position":"center center","background-size":"auto","background-attachment":"scroll","background-type":"","background-media":"","overlay-type":"","overlay-color":"","overlay-opacity":"","overlay-gradient":""},"tablet":{"background-color":"var(--ast-global-color-5)","background-image":"","background-repeat":"repeat","background-position":"center center","background-size":"auto","background-attachment":"scroll","background-type":"","background-media":"","overlay-type":"","overlay-color":"","overlay-opacity":"","overlay-gradient":""},"mobile":{"background-color":"var(--ast-global-color-5)","background-image":"","background-repeat":"repeat","background-position":"center center","background-size":"auto","background-attachment":"scroll","background-type":"","background-media":"","overlay-type":"","overlay-color":"","overlay-opacity":"","overlay-gradient":""}},"footnotes":""},"class_list":["post-44","page","type-page","status-publish","hentry"],"_links":{"self":[{"href":"https:\/\/netpulsar.pl\/index.php\/wp-json\/wp\/v2\/pages\/44","targetHints":{"allow":["GET"]}}],"collection":[{"href":"https:\/\/netpulsar.pl\/index.php\/wp-json\/wp\/v2\/pages"}],"about":[{"href":"https:\/\/netpulsar.pl\/index.php\/wp-json\/wp\/v2\/types\/page"}],"author":[{"embeddable":true,"href":"https:\/\/netpulsar.pl\/index.php\/wp-json\/wp\/v2\/users\/1"}],"replies":[{"embeddable":true,"href":"https:\/\/netpulsar.pl\/index.php\/wp-json\/wp\/v2\/comments?post=44"}],"version-history":[{"count":79,"href":"https:\/\/netpulsar.pl\/index.php\/wp-json\/wp\/v2\/pages\/44\/revisions"}],"predecessor-version":[{"id":1020,"href":"https:\/\/netpulsar.pl\/index.php\/wp-json\/wp\/v2\/pages\/44\/revisions\/1020"}],"wp:attachment":[{"href":"https:\/\/netpulsar.pl\/index.php\/wp-json\/wp\/v2\/media?parent=44"}],"curies":[{"name":"wp","href":"https:\/\/api.w.org\/{rel}","templated":true}]}}