{"id":50,"date":"2023-11-09T13:03:10","date_gmt":"2023-11-09T13:03:10","guid":{"rendered":"https:\/\/netpulsar.pl\/?page_id=50"},"modified":"2026-03-02T09:50:53","modified_gmt":"2026-03-02T09:50:53","slug":"marketing-nternetowy","status":"publish","type":"page","link":"https:\/\/netpulsar.pl\/index.php\/marketing-nternetowy\/","title":{"rendered":"Marketing Internetowy"},"content":{"rendered":"\t\t<div data-elementor-type=\"wp-page\" data-elementor-id=\"50\" class=\"elementor elementor-50\" data-elementor-post-type=\"page\">\n\t\t\t\t<div class=\"elementor-element elementor-element-7eece55 e-flex e-con-boxed e-con e-parent\" data-id=\"7eece55\" data-element_type=\"container\" data-e-type=\"container\" data-settings=\"{&quot;background_background&quot;:&quot;classic&quot;}\">\n\t\t\t\t\t<div class=\"e-con-inner\">\n\t\t<div class=\"elementor-element elementor-element-55ec9ce e-flex e-con-boxed e-con e-child\" data-id=\"55ec9ce\" data-element_type=\"container\" data-e-type=\"container\">\n\t\t\t\t\t<div class=\"e-con-inner\">\n\t\t\t\t<div class=\"elementor-element elementor-element-91e4577 elementor-widget elementor-widget-heading\" data-id=\"91e4577\" data-element_type=\"widget\" data-e-type=\"widget\" data-widget_type=\"heading.default\">\n\t\t\t\t<div class=\"elementor-widget-container\">\n\t\t\t\t\t<h1 class=\"elementor-heading-title elementor-size-default\">Marketing internetowy<\/h1>\t\t\t\t<\/div>\n\t\t\t\t<\/div>\n\t\t\t\t<div class=\"elementor-element elementor-element-d6477e2 elementor-widget elementor-widget-text-editor\" data-id=\"d6477e2\" data-element_type=\"widget\" data-e-type=\"widget\" data-widget_type=\"text-editor.default\">\n\t\t\t\t<div class=\"elementor-widget-container\">\n\t\t\t\t\t\t\t\t\t<p>Marketing internetowy to dzi\u015b fundament skutecznej obecno\u015bci w sieci. \u0141\u0105czy w sobie strategie analityczne, nowoczesne narz\u0119dzia AI oraz dzia\u0142ania reklamowe i contentowe. Naszym celem jest maksymalizacja widoczno\u015bci marki, zwi\u0119kszanie sprzeda\u017cy oraz budowanie trwa\u0142ych relacji z klientami.<\/p>\t\t\t\t\t\t\t\t<\/div>\n\t\t\t\t<\/div>\n\t\t\t\t\t<\/div>\n\t\t\t\t<\/div>\n\t\t\t\t\t<\/div>\n\t\t\t\t<\/div>\n\t\t<div class=\"elementor-element elementor-element-0a53d90 e-flex e-con-boxed e-con e-parent\" data-id=\"0a53d90\" data-element_type=\"container\" data-e-type=\"container\" data-settings=\"{&quot;background_background&quot;:&quot;classic&quot;}\">\n\t\t\t\t\t<div class=\"e-con-inner\">\n\t\t<div class=\"elementor-element elementor-element-d6f2d6b e-flex e-con-boxed e-con e-child\" data-id=\"d6f2d6b\" data-element_type=\"container\" data-e-type=\"container\">\n\t\t\t\t\t<div class=\"e-con-inner\">\n\t\t\t\t<div class=\"elementor-element elementor-element-76006b5 elementor-widget elementor-widget-heading\" data-id=\"76006b5\" data-element_type=\"widget\" data-e-type=\"widget\" data-widget_type=\"heading.default\">\n\t\t\t\t<div class=\"elementor-widget-container\">\n\t\t\t\t\t<h2 class=\"elementor-heading-title elementor-size-default\">Pozycjonowanie w modelach LLM \/ AI<\/h2>\t\t\t\t<\/div>\n\t\t\t\t<\/div>\n\t\t\t\t<div class=\"elementor-element elementor-element-7aeee1b elementor-widget elementor-widget-text-editor\" data-id=\"7aeee1b\" data-element_type=\"widget\" data-e-type=\"widget\" data-widget_type=\"text-editor.default\">\n\t\t\t\t<div class=\"elementor-widget-container\">\n\t\t\t\t\t\t\t\t\t<p data-start=\"627\" data-end=\"904\">Nowoczesne wyszukiwarki coraz cz\u0119\u015bciej bazuj\u0105 na modelach j\u0119zykowych (LLM), kt\u00f3re interpretuj\u0105 tre\u015bci w spos\u00f3b bardziej kontekstowy ni\u017c tradycyjny algorytm. Oferujemy optymalizacj\u0119 tre\u015bci i struktur\u0119 witryny tak, aby by\u0142a czytelna zar\u00f3wno dla u\u017cytkownik\u00f3w, jak i system\u00f3w AI.<\/p>\t\t\t\t\t\t\t\t<\/div>\n\t\t\t\t<\/div>\n\t\t\t\t<div class=\"elementor-element elementor-element-1cf5742 elementor-widget elementor-widget-heading\" data-id=\"1cf5742\" data-element_type=\"widget\" data-e-type=\"widget\" data-widget_type=\"heading.default\">\n\t\t\t\t<div class=\"elementor-widget-container\">\n\t\t\t\t\t<h2 class=\"elementor-heading-title elementor-size-default\">Audyt AI Overview<\/h2>\t\t\t\t<\/div>\n\t\t\t\t<\/div>\n\t\t\t\t<div class=\"elementor-element elementor-element-f86fdb3 elementor-widget elementor-widget-text-editor\" data-id=\"f86fdb3\" data-element_type=\"widget\" data-e-type=\"widget\" data-widget_type=\"text-editor.default\">\n\t\t\t\t<div class=\"elementor-widget-container\">\n\t\t\t\t\t\t\t\t\t<p data-start=\"934\" data-end=\"1149\">Analizujemy, jak Twoja firma mo\u017ce wykorzysta\u0107 sztuczn\u0105 inteligencj\u0119 w dzia\u0142aniach marketingowych. Sprawdzamy obecne procesy i rekomendujemy wdro\u017cenia AI \u2013 od automatyzacji po inteligentne rekomendacje sprzeda\u017cowe.<\/p>\t\t\t\t\t\t\t\t<\/div>\n\t\t\t\t<\/div>\n\t\t\t\t<div class=\"elementor-element elementor-element-9d433be elementor-widget elementor-widget-heading\" data-id=\"9d433be\" data-element_type=\"widget\" data-e-type=\"widget\" data-widget_type=\"heading.default\">\n\t\t\t\t<div class=\"elementor-widget-container\">\n\t\t\t\t\t<h2 class=\"elementor-heading-title elementor-size-default\">Pozycjonowanie wizyt\u00f3wki Google<\/h2>\t\t\t\t<\/div>\n\t\t\t\t<\/div>\n\t\t\t\t\t<\/div>\n\t\t\t\t<\/div>\n\t\t\t\t<div class=\"elementor-element elementor-element-6c5c311 elementor-widget elementor-widget-text-editor\" data-id=\"6c5c311\" data-element_type=\"widget\" data-e-type=\"widget\" data-widget_type=\"text-editor.default\">\n\t\t\t\t<div class=\"elementor-widget-container\">\n\t\t\t\t\t\t\t\t\t<p data-start=\"2443\" data-end=\"2619\">Google Business Profile to klucz do lokalnego marketingu. Optymalizujemy wizyt\u00f3wk\u0119, dodajemy tre\u015bci, zdj\u0119cia i opinie, aby zwi\u0119kszy\u0107 Twoj\u0105 widoczno\u015b\u0107 w mapach i wyszukiwarce.<\/p>\t\t\t\t\t\t\t\t<\/div>\n\t\t\t\t<\/div>\n\t\t\t\t<div class=\"elementor-element elementor-element-5f40b59 elementor-widget elementor-widget-heading\" data-id=\"5f40b59\" data-element_type=\"widget\" data-e-type=\"widget\" data-widget_type=\"heading.default\">\n\t\t\t\t<div class=\"elementor-widget-container\">\n\t\t\t\t\t<h2 class=\"elementor-heading-title elementor-size-default\">Strategie Marketingowe<\/h2>\t\t\t\t<\/div>\n\t\t\t\t<\/div>\n\t\t\t\t<div class=\"elementor-element elementor-element-a45155b elementor-widget elementor-widget-text-editor\" data-id=\"a45155b\" data-element_type=\"widget\" data-e-type=\"widget\" data-widget_type=\"text-editor.default\">\n\t\t\t\t<div class=\"elementor-widget-container\">\n\t\t\t\t\t\t\t\t\t<p data-start=\"2854\" data-end=\"3011\">Tworzymy sp\u00f3jne strategie marketingowe dopasowane do Twojej bran\u017cy i grupy docelowej. \u0141\u0105czymy r\u00f3\u017cne kana\u0142y promocji, aby maksymalizowa\u0107 zwrot z inwestycji.<\/p>\t\t\t\t\t\t\t\t<\/div>\n\t\t\t\t<\/div>\n\t\t\t\t<div class=\"elementor-element elementor-element-c3b42c1 elementor-widget elementor-widget-heading\" data-id=\"c3b42c1\" data-element_type=\"widget\" data-e-type=\"widget\" data-widget_type=\"heading.default\">\n\t\t\t\t<div class=\"elementor-widget-container\">\n\t\t\t\t\t<h2 class=\"elementor-heading-title elementor-size-default\">Google Ads<\/h2>\t\t\t\t<\/div>\n\t\t\t\t<\/div>\n\t\t\t\t<div class=\"elementor-element elementor-element-5d103f7 elementor-widget elementor-widget-text-editor\" data-id=\"5d103f7\" data-element_type=\"widget\" data-e-type=\"widget\" data-widget_type=\"text-editor.default\">\n\t\t\t\t<div class=\"elementor-widget-container\">\n\t\t\t\t\t\t\t\t\t<p data-start=\"3034\" data-end=\"3207\">Reklamy Google Ads pozwalaj\u0105 szybko zwi\u0119kszy\u0107 sprzeda\u017c. Projektujemy kampanie w sieci wyszukiwania, sieci reklamowej i remarketingu, optymalizuj\u0105c koszty klikni\u0119cia (CPC).<\/p>\t\t\t\t\t\t\t\t<\/div>\n\t\t\t\t<\/div>\n\t\t\t\t<div class=\"elementor-element elementor-element-cb17987 elementor-widget elementor-widget-heading\" data-id=\"cb17987\" data-element_type=\"widget\" data-e-type=\"widget\" data-widget_type=\"heading.default\">\n\t\t\t\t<div class=\"elementor-widget-container\">\n\t\t\t\t\t<h2 class=\"elementor-heading-title elementor-size-default\">Facebook Ads<\/h2>\t\t\t\t<\/div>\n\t\t\t\t<\/div>\n\t\t\t\t<div class=\"elementor-element elementor-element-d749009 elementor-widget elementor-widget-text-editor\" data-id=\"d749009\" data-element_type=\"widget\" data-e-type=\"widget\" data-widget_type=\"text-editor.default\">\n\t\t\t\t<div class=\"elementor-widget-container\">\n\t\t\t\t\t\t\t\t\t<p data-start=\"3427\" data-end=\"3585\">Specjalizujemy si\u0119 w kampaniach na Facebooku i Instagramie. Dzi\u0119ki precyzyjnemu targetowaniu pomagamy dociera\u0107 do w\u0142a\u015bciwych odbiorc\u00f3w i zwi\u0119ksza\u0107 sprzeda\u017c.<\/p>\t\t\t\t\t\t\t\t<\/div>\n\t\t\t\t<\/div>\n\t\t\t\t<div class=\"elementor-element elementor-element-935c0b8 elementor-widget elementor-widget-heading\" data-id=\"935c0b8\" data-element_type=\"widget\" data-e-type=\"widget\" data-widget_type=\"heading.default\">\n\t\t\t\t<div class=\"elementor-widget-container\">\n\t\t\t\t\t<h2 class=\"elementor-heading-title elementor-size-default\">Social Media Marketing<\/h2>\t\t\t\t<\/div>\n\t\t\t\t<\/div>\n\t\t\t\t<div class=\"elementor-element elementor-element-79f3ce2 elementor-widget elementor-widget-text-editor\" data-id=\"79f3ce2\" data-element_type=\"widget\" data-e-type=\"widget\" data-widget_type=\"text-editor.default\">\n\t\t\t\t<div class=\"elementor-widget-container\">\n\t\t\t\t\t\t\t\t\t<p data-start=\"3242\" data-end=\"3402\">Prowadzimy skuteczn\u0105 komunikacj\u0119 w social media \u2013 od Facebooka i Instagrama po TikToka i LinkedIn. Tworzymy anga\u017cuj\u0105ce tre\u015bci i prowadzimy kampanie reklamowe.<\/p>\t\t\t\t\t\t\t\t<\/div>\n\t\t\t\t<\/div>\n\t\t\t\t<div class=\"elementor-element elementor-element-2243328 elementor-widget elementor-widget-heading\" data-id=\"2243328\" data-element_type=\"widget\" data-e-type=\"widget\" data-widget_type=\"heading.default\">\n\t\t\t\t<div class=\"elementor-widget-container\">\n\t\t\t\t\t<h2 class=\"elementor-heading-title elementor-size-default\">E-mail Marketing<\/h2>\t\t\t\t<\/div>\n\t\t\t\t<\/div>\n\t\t\t\t<div class=\"elementor-element elementor-element-7a782b5 elementor-widget elementor-widget-text-editor\" data-id=\"7a782b5\" data-element_type=\"widget\" data-e-type=\"widget\" data-widget_type=\"text-editor.default\">\n\t\t\t\t<div class=\"elementor-widget-container\">\n\t\t\t\t\t\t\t\t\t<p data-start=\"3816\" data-end=\"3990\">Budujemy strategie e-mail marketingu, kt\u00f3re zwi\u0119kszaj\u0105 sprzeda\u017c i lojalno\u015b\u0107 klient\u00f3w. Opracowujemy newslettery, kampanie lead nurturing i automatyczne sekwencje wiadomo\u015bci.<\/p>\t\t\t\t\t\t\t\t<\/div>\n\t\t\t\t<\/div>\n\t\t\t\t\t<\/div>\n\t\t\t\t<\/div>\n\t\t<div class=\"elementor-element elementor-element-b705cf7 e-flex e-con-boxed e-con e-parent\" data-id=\"b705cf7\" data-element_type=\"container\" data-e-type=\"container\" data-settings=\"{&quot;background_background&quot;:&quot;classic&quot;}\">\n\t\t\t\t\t<div class=\"e-con-inner\">\n\t\t<div class=\"elementor-element elementor-element-7cc0b8d e-con-full e-flex e-con e-child\" data-id=\"7cc0b8d\" data-element_type=\"container\" data-e-type=\"container\">\n\t\t\t\t<div class=\"elementor-element elementor-element-dcfff5b elementor-widget elementor-widget-image\" data-id=\"dcfff5b\" data-element_type=\"widget\" data-e-type=\"widget\" data-widget_type=\"image.default\">\n\t\t\t\t<div class=\"elementor-widget-container\">\n\t\t\t\t\t\t\t\t\t\t\t\t\t\t\t<img fetchpriority=\"high\" decoding=\"async\" width=\"1024\" height=\"1024\" src=\"https:\/\/netpulsar.pl\/wp-content\/uploads\/2024\/09\/Designer33222.jpeg\" class=\"attachment-large size-large wp-image-568\" alt=\"\" srcset=\"https:\/\/netpulsar.pl\/wp-content\/uploads\/2024\/09\/Designer33222.jpeg 1024w, https:\/\/netpulsar.pl\/wp-content\/uploads\/2024\/09\/Designer33222-300x300.jpeg 300w, https:\/\/netpulsar.pl\/wp-content\/uploads\/2024\/09\/Designer33222-150x150.jpeg 150w, https:\/\/netpulsar.pl\/wp-content\/uploads\/2024\/09\/Designer33222-768x768.jpeg 768w\" sizes=\"(max-width: 1024px) 100vw, 1024px\">\t\t\t\t\t\t\t\t\t\t\t\t\t\t\t<\/div>\n\t\t\t\t<\/div>\n\t\t\t\t<\/div>\n\t\t<div class=\"elementor-element elementor-element-f04a607 e-con-full e-flex e-con e-child\" data-id=\"f04a607\" data-element_type=\"container\" data-e-type=\"container\">\n\t\t\t\t<div class=\"elementor-element elementor-element-f592623 elementor-widget elementor-widget-heading\" data-id=\"f592623\" data-element_type=\"widget\" data-e-type=\"widget\" data-widget_type=\"heading.default\">\n\t\t\t\t<div class=\"elementor-widget-container\">\n\t\t\t\t\t<h2 class=\"elementor-heading-title elementor-size-default\">Skorzystaj z Naszej Ekspertyzy w Reklamie Online!\n<\/h2>\t\t\t\t<\/div>\n\t\t\t\t<\/div>\n\t\t\t\t<div class=\"elementor-element elementor-element-9f5cac4 elementor-widget elementor-widget-text-editor\" data-id=\"9f5cac4\" data-element_type=\"widget\" data-e-type=\"widget\" data-widget_type=\"text-editor.default\">\n\t\t\t\t<div class=\"elementor-widget-container\">\n\t\t\t\t\t\t\t\t\t<p>Gotowi\u015bmy pom\u00f3c Ci w osi\u0105gni\u0119ciu sukcesu online. Wykorzystaj nasze do\u015bwiadczenie i skuteczno\u015b\u0107 w tworzeniu kampanii reklamowych. Razem mo\u017cemy osi\u0105gn\u0105\u0107 wi\u0119cej!<\/p><p><strong>Zwi\u0119ksz Swoje Zyski z Naszymi Kampaniami Reklamowymi!<\/strong><\/p><p>Nasze kampanie reklamowe przynosz\u0105 realne wyniki. Pozw\u00f3l nam zwi\u0119kszy\u0107 Twoje zyski, docieraj\u0105c do nowych klient\u00f3w i utrzymuj\u0105c lojalno\u015b\u0107 tych ju\u017c istniej\u0105cych.<\/p>\t\t\t\t\t\t\t\t<\/div>\n\t\t\t\t<\/div>\n\t\t\t\t<\/div>\n\t\t\t\t\t<\/div>\n\t\t\t\t<\/div>\n\t\t<div class=\"elementor-element elementor-element-ead0077 e-flex e-con-boxed e-con e-parent\" data-id=\"ead0077\" data-element_type=\"container\" data-e-type=\"container\" data-settings=\"{&quot;background_background&quot;:&quot;classic&quot;}\">\n\t\t\t\t\t<div class=\"e-con-inner\">\n\t\t<div class=\"elementor-element elementor-element-ee4b643 e-con-full e-flex e-con e-child\" data-id=\"ee4b643\" data-element_type=\"container\" data-e-type=\"container\">\n\t\t\t\t<div class=\"elementor-element elementor-element-3e4a537 elementor-widget elementor-widget-heading\" data-id=\"3e4a537\" data-element_type=\"widget\" data-e-type=\"widget\" data-widget_type=\"heading.default\">\n\t\t\t\t<div class=\"elementor-widget-container\">\n\t\t\t\t\t<h2 class=\"elementor-heading-title elementor-size-default\">Kampanie reklamowe produktowe dla sklep\u00f3w internetowych<\/h2>\t\t\t\t<\/div>\n\t\t\t\t<\/div>\n\t\t\t\t<div class=\"elementor-element elementor-element-4efa0bd elementor-widget elementor-widget-text-editor\" data-id=\"4efa0bd\" data-element_type=\"widget\" data-e-type=\"widget\" data-widget_type=\"text-editor.default\">\n\t\t\t\t<div class=\"elementor-widget-container\">\n\t\t\t\t\t\t\t\t\t<p data-start=\"238\" data-end=\"547\">Kampanie produktowe (PLA \u2013 Product Listing Ads) to najskuteczniejszy spos\u00f3b na prezentacj\u0119 oferty sklepu internetowego w wyszukiwarce Google i na platformach partnerskich. Dzi\u0119ki nim Twoje produkty s\u0105 widoczne wraz ze zdj\u0119ciem, cen\u0105 oraz informacjami o dost\u0119pno\u015bci, co znacz\u0105co zwi\u0119ksza szans\u0119 na konwersj\u0119.<\/p><p style=\"text-align: left;\" data-start=\"549\" data-end=\"596\"><strong data-start=\"549\" data-end=\"594\">Co robimy w ramach kampanii produktowych?<\/strong><\/p><ul style=\"text-align: left;\" data-start=\"597\" data-end=\"878\"><li data-start=\"597\" data-end=\"655\"><p data-start=\"599\" data-end=\"655\">konfigurujemy i optymalizujemy Google Merchant Center,<\/p><\/li><li data-start=\"656\" data-end=\"713\"><p data-start=\"658\" data-end=\"713\">integrujemy sklep internetowy z katalogiem produkt\u00f3w,<\/p><\/li><li data-start=\"714\" data-end=\"769\"><p data-start=\"716\" data-end=\"769\">projektujemy i prowadzimy kampanie Google Shopping,<\/p><\/li><li data-start=\"770\" data-end=\"825\"><p data-start=\"772\" data-end=\"825\">segmentujemy ofert\u0119, aby lepiej targetowa\u0107 reklamy,<\/p><\/li><li data-start=\"826\" data-end=\"878\"><p data-start=\"828\" data-end=\"878\">analizujemy efektywno\u015b\u0107 i optymalizujemy bud\u017cet.<\/p><\/li><\/ul><p style=\"text-align: left;\" data-start=\"880\" data-end=\"1038\">Efekt? Produkty trafiaj\u0105 dok\u0142adnie do tych os\u00f3b, kt\u00f3re aktywnie szukaj\u0105 ich w Google, co przek\u0142ada si\u0119 na wy\u017csz\u0105 sprzeda\u017c i lepszy zwrot z inwestycji (ROI).<\/p>\t\t\t\t\t\t\t\t<\/div>\n\t\t\t\t<\/div>\n\t\t\t\t<\/div>\n\t\t<div class=\"elementor-element elementor-element-51100ca e-con-full e-flex e-con e-child\" data-id=\"51100ca\" data-element_type=\"container\" data-e-type=\"container\">\n\t\t\t\t<div class=\"elementor-element elementor-element-a5578bd elementor-widget elementor-widget-image\" data-id=\"a5578bd\" data-element_type=\"widget\" data-e-type=\"widget\" data-widget_type=\"image.default\">\n\t\t\t\t<div class=\"elementor-widget-container\">\n\t\t\t\t\t\t\t\t\t\t\t\t\t\t\t<img decoding=\"async\" width=\"1000\" height=\"1000\" src=\"https:\/\/netpulsar.pl\/wp-content\/uploads\/2023\/11\/pngwing.com-2.png\" class=\"attachment-large size-large wp-image-93\" alt=\"\" srcset=\"https:\/\/netpulsar.pl\/wp-content\/uploads\/2023\/11\/pngwing.com-2.png 1000w, https:\/\/netpulsar.pl\/wp-content\/uploads\/2023\/11\/pngwing.com-2-300x300.png 300w, https:\/\/netpulsar.pl\/wp-content\/uploads\/2023\/11\/pngwing.com-2-150x150.png 150w, https:\/\/netpulsar.pl\/wp-content\/uploads\/2023\/11\/pngwing.com-2-768x768.png 768w\" sizes=\"(max-width: 1000px) 100vw, 1000px\">\t\t\t\t\t\t\t\t\t\t\t\t\t\t\t<\/div>\n\t\t\t\t<\/div>\n\t\t\t\t<\/div>\n\t\t\t\t\t<\/div>\n\t\t\t\t<\/div>\n\t\t\t\t<\/div>\n\t\t","protected":false},"excerpt":{"rendered":"<p>Marketing internetowy Marketing internetowy to dzi\u015b fundament skutecznej obecno\u015bci w sieci. \u0141\u0105czy w sobie strategie analityczne, nowoczesne narz\u0119dzia AI oraz dzia\u0142ania reklamowe i contentowe. Naszym celem jest maksymalizacja widoczno\u015bci marki, zwi\u0119kszanie sprzeda\u017cy oraz budowanie trwa\u0142ych relacji z klientami. Pozycjonowanie w modelach LLM \/ AI Nowoczesne wyszukiwarki coraz cz\u0119\u015bciej bazuj\u0105 na modelach j\u0119zykowych (LLM), kt\u00f3re interpretuj\u0105 [&hellip;]<\/p>\n","protected":false},"author":1,"featured_media":0,"parent":0,"menu_order":0,"comment_status":"closed","ping_status":"closed","template":"","meta":{"site-sidebar-layout":"default","site-content-layout":"","ast-site-content-layout":"","site-content-style":"default","site-sidebar-style":"default","ast-global-header-display":"","ast-banner-title-visibility":"","ast-main-header-display":"","ast-hfb-above-header-display":"","ast-hfb-below-header-display":"","ast-hfb-mobile-header-display":"","site-post-title":"","ast-breadcrumbs-content":"","ast-featured-img":"","footer-sml-layout":"","ast-disable-related-posts":"","theme-transparent-header-meta":"","adv-header-id-meta":"","stick-header-meta":"","header-above-stick-meta":"","header-main-stick-meta":"","header-below-stick-meta":"","astra-migrate-meta-layouts":"default","ast-page-background-enabled":"default","ast-page-background-meta":{"desktop":{"background-color":"var(--ast-global-color-4)","background-image":"","background-repeat":"repeat","background-position":"center center","background-size":"auto","background-attachment":"scroll","background-type":"","background-media":"","overlay-type":"","overlay-color":"","overlay-opacity":"","overlay-gradient":""},"tablet":{"background-color":"","background-image":"","background-repeat":"repeat","background-position":"center center","background-size":"auto","background-attachment":"scroll","background-type":"","background-media":"","overlay-type":"","overlay-color":"","overlay-opacity":"","overlay-gradient":""},"mobile":{"background-color":"","background-image":"","background-repeat":"repeat","background-position":"center center","background-size":"auto","background-attachment":"scroll","background-type":"","background-media":"","overlay-type":"","overlay-color":"","overlay-opacity":"","overlay-gradient":""}},"ast-content-background-meta":{"desktop":{"background-color":"var(--ast-global-color-5)","background-image":"","background-repeat":"repeat","background-position":"center center","background-size":"auto","background-attachment":"scroll","background-type":"","background-media":"","overlay-type":"","overlay-color":"","overlay-opacity":"","overlay-gradient":""},"tablet":{"background-color":"var(--ast-global-color-5)","background-image":"","background-repeat":"repeat","background-position":"center center","background-size":"auto","background-attachment":"scroll","background-type":"","background-media":"","overlay-type":"","overlay-color":"","overlay-opacity":"","overlay-gradient":""},"mobile":{"background-color":"var(--ast-global-color-5)","background-image":"","background-repeat":"repeat","background-position":"center center","background-size":"auto","background-attachment":"scroll","background-type":"","background-media":"","overlay-type":"","overlay-color":"","overlay-opacity":"","overlay-gradient":""}},"footnotes":""},"class_list":["post-50","page","type-page","status-publish","hentry"],"_links":{"self":[{"href":"https:\/\/netpulsar.pl\/index.php\/wp-json\/wp\/v2\/pages\/50","targetHints":{"allow":["GET"]}}],"collection":[{"href":"https:\/\/netpulsar.pl\/index.php\/wp-json\/wp\/v2\/pages"}],"about":[{"href":"https:\/\/netpulsar.pl\/index.php\/wp-json\/wp\/v2\/types\/page"}],"author":[{"embeddable":true,"href":"https:\/\/netpulsar.pl\/index.php\/wp-json\/wp\/v2\/users\/1"}],"replies":[{"embeddable":true,"href":"https:\/\/netpulsar.pl\/index.php\/wp-json\/wp\/v2\/comments?post=50"}],"version-history":[{"count":41,"href":"https:\/\/netpulsar.pl\/index.php\/wp-json\/wp\/v2\/pages\/50\/revisions"}],"predecessor-version":[{"id":1172,"href":"https:\/\/netpulsar.pl\/index.php\/wp-json\/wp\/v2\/pages\/50\/revisions\/1172"}],"wp:attachment":[{"href":"https:\/\/netpulsar.pl\/index.php\/wp-json\/wp\/v2\/media?parent=50"}],"curies":[{"name":"wp","href":"https:\/\/api.w.org\/{rel}","templated":true}]}}