{"id":895,"date":"2025-07-14T08:53:56","date_gmt":"2025-07-14T08:53:56","guid":{"rendered":"https:\/\/netpulsar.pl\/?page_id=895"},"modified":"2025-08-29T09:25:33","modified_gmt":"2025-08-29T09:25:33","slug":"kompleksowa-obsluga-sklepow-internetowych","status":"publish","type":"page","link":"https:\/\/netpulsar.pl\/index.php\/kompleksowa-obsluga-sklepow-internetowych\/","title":{"rendered":"Kompleksowa Obs\u0142uga Sklep\u00f3w Internetowych"},"content":{"rendered":"\t\t<div data-elementor-type=\"wp-page\" data-elementor-id=\"895\" class=\"elementor elementor-895\" data-elementor-post-type=\"page\">\n\t\t\t\t<div class=\"elementor-element elementor-element-c1b78a8 e-flex e-con-boxed e-con e-parent\" data-id=\"c1b78a8\" data-element_type=\"container\" data-e-type=\"container\" data-settings=\"{&quot;background_background&quot;:&quot;classic&quot;}\">\n\t\t\t\t\t<div class=\"e-con-inner\">\n\t\t\t\t<div class=\"elementor-element elementor-element-7236569 elementor-widget elementor-widget-heading\" data-id=\"7236569\" data-element_type=\"widget\" data-e-type=\"widget\" data-widget_type=\"heading.default\">\n\t\t\t\t<div class=\"elementor-widget-container\">\n\t\t\t\t\t<h1 class=\"elementor-heading-title elementor-size-default\">Kompleksowa Obs\u0142uga Sklep\u00f3w Internetowych \u2013 Technicznie i Marketingowo\n\n<\/h1>\t\t\t\t<\/div>\n\t\t\t\t<\/div>\n\t\t\t\t<div class=\"elementor-element elementor-element-872ef86 elementor-widget elementor-widget-text-editor\" data-id=\"872ef86\" data-element_type=\"widget\" data-e-type=\"widget\" data-widget_type=\"text-editor.default\">\n\t\t\t\t<div class=\"elementor-widget-container\">\n\t\t\t\t\t\t\t\t\t<p>Zadbaj o sw\u00f3j e-sklep od A do Z! Oferujemy pe\u0142ne wsparcie techniczne, integracje, aktualizacje, pozycjonowanie i nowoczesny marketing, a w pakiecie rozszerzonym \u2013 tak\u017ce obs\u0142ug\u0119 zam\u00f3wie\u0144 i rozlicze\u0144. Dzi\u0119ki nam Tw\u00f3j sklep dzia\u0142a p\u0142ynnie, a Ty mo\u017cesz zaj\u0105\u0107 si\u0119 rozwojem biznesu.<\/p>\t\t\t\t\t\t\t\t<\/div>\n\t\t\t\t<\/div>\n\t\t\t\t\t<\/div>\n\t\t\t\t<\/div>\n\t\t<div class=\"elementor-element elementor-element-0a43b10 e-flex e-con-boxed e-con e-parent\" data-id=\"0a43b10\" data-element_type=\"container\" data-e-type=\"container\" data-settings=\"{&quot;background_background&quot;:&quot;classic&quot;}\">\n\t\t\t\t\t<div class=\"e-con-inner\">\n\t\t<div class=\"elementor-element elementor-element-18c6054 e-con-full e-flex e-con e-child\" data-id=\"18c6054\" data-element_type=\"container\" data-e-type=\"container\">\n\t\t\t\t<div class=\"elementor-element elementor-element-3a3cb93 elementor-widget elementor-widget-heading\" data-id=\"3a3cb93\" data-element_type=\"widget\" data-e-type=\"widget\" data-widget_type=\"heading.default\">\n\t\t\t\t<div class=\"elementor-widget-container\">\n\t\t\t\t\t<h2 class=\"elementor-heading-title elementor-size-default\">Pakiet Podstawowy<\/h2>\t\t\t\t<\/div>\n\t\t\t\t<\/div>\n\t\t\t\t<div class=\"elementor-element elementor-element-4aa2b02 elementor-widget elementor-widget-heading\" data-id=\"4aa2b02\" data-element_type=\"widget\" data-e-type=\"widget\" data-widget_type=\"heading.default\">\n\t\t\t\t<div class=\"elementor-widget-container\">\n\t\t\t\t\t<h2 class=\"elementor-heading-title elementor-size-default\">Techniczne zaplecze sklepu<\/h2>\t\t\t\t<\/div>\n\t\t\t\t<\/div>\n\t\t\t\t<div class=\"elementor-element elementor-element-67177cc elementor-widget elementor-widget-text-editor\" data-id=\"67177cc\" data-element_type=\"widget\" data-e-type=\"widget\" data-widget_type=\"text-editor.default\">\n\t\t\t\t<div class=\"elementor-widget-container\">\n\t\t\t\t\t\t\t\t\t<p data-start=\"1153\" data-end=\"1181\"><strong data-start=\"1153\" data-end=\"1181\">W sk\u0142ad pakietu wchodzi:<\/strong><\/p><ul data-start=\"1182\" data-end=\"2149\"><li data-start=\"1182\" data-end=\"1248\"><p data-start=\"1184\" data-end=\"1248\"><strong data-start=\"1184\" data-end=\"1222\">Aktualizacje oprogramowania sklepu<\/strong> (system, wtyczki, motywy)<\/p><\/li><li data-start=\"1249\" data-end=\"1382\"><p data-start=\"1251\" data-end=\"1382\"><strong data-start=\"1251\" data-end=\"1292\">Integracje z hurtowniami i dostawcami<\/strong> (automatyczny import produkt\u00f3w, aktualizacja stan\u00f3w, po\u0142\u0105czenia przez API, pliki XML\/CSV)<\/p><\/li><li data-start=\"1383\" data-end=\"1436\"><p data-start=\"1385\" data-end=\"1436\"><strong data-start=\"1385\" data-end=\"1436\">Wymiana baner\u00f3w, slider\u00f3w i grafik promocyjnych<\/strong><\/p><\/li><li data-start=\"1437\" data-end=\"1536\"><p data-start=\"1439\" data-end=\"1536\"><strong data-start=\"1439\" data-end=\"1478\">Tworzenie i edycja opis\u00f3w produkt\u00f3w<\/strong> (SEO, unikalno\u015b\u0107, zgodno\u015b\u0107 z wymaganiami Merchant Center)<\/p><\/li><li data-start=\"1537\" data-end=\"1633\"><p data-start=\"1539\" data-end=\"1633\"><strong data-start=\"1539\" data-end=\"1584\">Optymalizacja zdj\u0119\u0107 i danych produktowych<\/strong> (EAN, kody producenta, wagi, atrybuty, warianty)<\/p><\/li><li data-start=\"1634\" data-end=\"1804\"><p data-start=\"1636\" data-end=\"1804\"><strong data-start=\"1636\" data-end=\"1690\">Usuwanie b\u0142\u0119d\u00f3w w sklepie i raportowanie problem\u00f3w<\/strong><br data-start=\"1690\" data-end=\"1693\" \/><em data-start=\"1695\" data-end=\"1804\">Przyk\u0142ad: poprawa b\u0142\u0119dnych link\u00f3w, brakuj\u0105cych zdj\u0119\u0107, usuwanie duplikat\u00f3w, b\u0142\u0119dy synchronizacji z hurtowni\u0105<\/em><\/p><\/li><li data-start=\"1805\" data-end=\"1939\"><p data-start=\"1807\" data-end=\"1939\"><strong data-start=\"1807\" data-end=\"1841\">Obs\u0142uga Google Merchant Center<\/strong><br data-start=\"1841\" data-end=\"1844\" \/><em data-start=\"1846\" data-end=\"1939\">Weryfikacja i poprawa feed\u00f3w produktowych, eliminacja b\u0142\u0119d\u00f3w, zgodno\u015b\u0107 z wymaganiami Google<\/em><\/p><\/li><li data-start=\"1940\" data-end=\"2044\"><p data-start=\"1942\" data-end=\"2044\"><strong data-start=\"1942\" data-end=\"1969\">Podstawowe wsparcie SEO<\/strong><br data-start=\"1969\" data-end=\"1972\" \/><em data-start=\"1974\" data-end=\"2044\">Optymalizacja meta tag\u00f3w, wdro\u017cenie schema, poprawa szybko\u015bci sklepu<\/em><\/p><\/li><li data-start=\"2045\" data-end=\"2149\"><p data-start=\"2047\" data-end=\"2149\"><strong data-start=\"2047\" data-end=\"2071\">Podstawowa analityka<\/strong><br data-start=\"2071\" data-end=\"2074\" \/><em data-start=\"2076\" data-end=\"2149\">Instalacja Google Analytics, Google Search Console, monitorowanie ruchu<\/em><\/p><\/li><\/ul>\t\t\t\t\t\t\t\t<\/div>\n\t\t\t\t<\/div>\n\t\t\t\t<\/div>\n\t\t<div class=\"elementor-element elementor-element-74e2fac e-con-full e-flex e-con e-child\" data-id=\"74e2fac\" data-element_type=\"container\" data-e-type=\"container\">\n\t\t\t\t<div class=\"elementor-element elementor-element-acb6ecb elementor-widget elementor-widget-image\" data-id=\"acb6ecb\" data-element_type=\"widget\" data-e-type=\"widget\" data-widget_type=\"image.default\">\n\t\t\t\t<div class=\"elementor-widget-container\">\n\t\t\t\t\t\t\t\t\t\t\t\t\t\t\t<img fetchpriority=\"high\" decoding=\"async\" width=\"1024\" height=\"1024\" src=\"https:\/\/netpulsar.pl\/wp-content\/uploads\/2025\/07\/ChatGPT-Image-14-lip-2025-10_53_16.png\" class=\"attachment-large size-large wp-image-930\" alt=\"\" srcset=\"https:\/\/netpulsar.pl\/wp-content\/uploads\/2025\/07\/ChatGPT-Image-14-lip-2025-10_53_16.png 1024w, https:\/\/netpulsar.pl\/wp-content\/uploads\/2025\/07\/ChatGPT-Image-14-lip-2025-10_53_16-300x300.png 300w, https:\/\/netpulsar.pl\/wp-content\/uploads\/2025\/07\/ChatGPT-Image-14-lip-2025-10_53_16-150x150.png 150w\" sizes=\"(max-width: 1024px) 100vw, 1024px\">\t\t\t\t\t\t\t\t\t\t\t\t\t\t\t<\/div>\n\t\t\t\t<\/div>\n\t\t\t\t<\/div>\n\t\t\t\t\t<\/div>\n\t\t\t\t<\/div>\n\t\t<div class=\"elementor-element elementor-element-10afe6b e-flex e-con-boxed e-con e-parent\" data-id=\"10afe6b\" data-element_type=\"container\" data-e-type=\"container\" data-settings=\"{&quot;background_background&quot;:&quot;classic&quot;}\">\n\t\t\t\t\t<div class=\"e-con-inner\">\n\t\t<div class=\"elementor-element elementor-element-27cc1bc e-con-full e-flex e-con e-child\" data-id=\"27cc1bc\" data-element_type=\"container\" data-e-type=\"container\">\n\t\t\t\t<div class=\"elementor-element elementor-element-e4c6d18 elementor-widget elementor-widget-image\" data-id=\"e4c6d18\" data-element_type=\"widget\" data-e-type=\"widget\" data-widget_type=\"image.default\">\n\t\t\t\t<div class=\"elementor-widget-container\">\n\t\t\t\t\t\t\t\t\t\t\t\t\t\t\t<img decoding=\"async\" width=\"1024\" height=\"1024\" src=\"https:\/\/netpulsar.pl\/wp-content\/uploads\/2025\/07\/ChatGPT-Image-14-lip-2025-10_53_24.png\" class=\"attachment-large size-large wp-image-929\" alt=\"\" srcset=\"https:\/\/netpulsar.pl\/wp-content\/uploads\/2025\/07\/ChatGPT-Image-14-lip-2025-10_53_24.png 1024w, https:\/\/netpulsar.pl\/wp-content\/uploads\/2025\/07\/ChatGPT-Image-14-lip-2025-10_53_24-300x300.png 300w, https:\/\/netpulsar.pl\/wp-content\/uploads\/2025\/07\/ChatGPT-Image-14-lip-2025-10_53_24-150x150.png 150w\" sizes=\"(max-width: 1024px) 100vw, 1024px\">\t\t\t\t\t\t\t\t\t\t\t\t\t\t\t<\/div>\n\t\t\t\t<\/div>\n\t\t\t\t<\/div>\n\t\t<div class=\"elementor-element elementor-element-679639e e-con-full e-flex e-con e-child\" data-id=\"679639e\" data-element_type=\"container\" data-e-type=\"container\">\n\t\t\t\t<div class=\"elementor-element elementor-element-e88bd4d elementor-widget elementor-widget-heading\" data-id=\"e88bd4d\" data-element_type=\"widget\" data-e-type=\"widget\" data-widget_type=\"heading.default\">\n\t\t\t\t<div class=\"elementor-widget-container\">\n\t\t\t\t\t<h2 class=\"elementor-heading-title elementor-size-default\">Pakiet Rozszerzony<\/h2>\t\t\t\t<\/div>\n\t\t\t\t<\/div>\n\t\t\t\t<div class=\"elementor-element elementor-element-7d83c6e elementor-widget elementor-widget-heading\" data-id=\"7d83c6e\" data-element_type=\"widget\" data-e-type=\"widget\" data-widget_type=\"heading.default\">\n\t\t\t\t<div class=\"elementor-widget-container\">\n\t\t\t\t\t<h2 class=\"elementor-heading-title elementor-size-default\">Pe\u0142na obs\u0142uga + marketing i sprzeda\u017c<\/h2>\t\t\t\t<\/div>\n\t\t\t\t<\/div>\n\t\t\t\t<div class=\"elementor-element elementor-element-ee70f0f elementor-widget elementor-widget-text-editor\" data-id=\"ee70f0f\" data-element_type=\"widget\" data-e-type=\"widget\" data-widget_type=\"text-editor.default\">\n\t\t\t\t<div class=\"elementor-widget-container\">\n\t\t\t\t\t\t\t\t\t<p data-start=\"2224\" data-end=\"2281\"><strong data-start=\"2224\" data-end=\"2281\">Zawiera wszystko z pakietu podstawowego, a dodatkowo:<\/strong><\/p><ul data-start=\"2282\" data-end=\"2911\"><li data-start=\"2282\" data-end=\"2379\"><p data-start=\"2284\" data-end=\"2379\"><strong data-start=\"2284\" data-end=\"2304\">Obs\u0142uga zam\u00f3wie\u0144<\/strong> (przyjmowanie, kontakt z klientem, fakturowanie, przekazywanie do wysy\u0142ki)<\/p><\/li><li data-start=\"2380\" data-end=\"2441\"><p data-start=\"2382\" data-end=\"2441\"><strong data-start=\"2382\" data-end=\"2441\">Rozliczanie zam\u00f3wie\u0144 i podstawowy support posprzeda\u017cowy<\/strong><\/p><\/li><li data-start=\"2442\" data-end=\"2554\"><p data-start=\"2444\" data-end=\"2554\"><strong data-start=\"2444\" data-end=\"2479\">Zaawansowane kampanie reklamowe<\/strong><br data-start=\"2479\" data-end=\"2482\" \/><em data-start=\"2484\" data-end=\"2554\">Google Ads (w tym reklamy produktowe PLA), Facebook Ads, remarketing<\/em><\/p><\/li><li data-start=\"2555\" data-end=\"2659\"><p data-start=\"2557\" data-end=\"2659\"><strong data-start=\"2557\" data-end=\"2597\">Zaawansowane SEO i content marketing<\/strong><br data-start=\"2597\" data-end=\"2600\" \/><em data-start=\"2602\" data-end=\"2659\">Tworzenie bloga, poradnik\u00f3w, link building, copywriting<\/em><\/p><\/li><li data-start=\"2660\" data-end=\"2734\"><p data-start=\"2662\" data-end=\"2734\"><strong data-start=\"2662\" data-end=\"2690\">Prowadzenie social media<\/strong> (Facebook, Instagram, TikTok \u2013 opcjonalnie)<\/p><\/li><li data-start=\"2735\" data-end=\"2781\"><p data-start=\"2737\" data-end=\"2781\"><strong data-start=\"2737\" data-end=\"2781\">Audyt sklepu oraz wdro\u017cenie rekomendacji<\/strong><\/p><\/li><li data-start=\"2782\" data-end=\"2865\"><p data-start=\"2784\" data-end=\"2865\"><strong data-start=\"2784\" data-end=\"2812\">Automatyzacja marketingu<\/strong> (maile transakcyjne, porzucone koszyki, newslettery)<\/p><\/li><li data-start=\"2866\" data-end=\"2911\"><p data-start=\"2868\" data-end=\"2911\"><strong data-start=\"2868\" data-end=\"2911\">Szkolenia i wsparcie dla zespo\u0142u sklepu<\/strong><\/p><\/li><\/ul>\t\t\t\t\t\t\t\t<\/div>\n\t\t\t\t<\/div>\n\t\t\t\t<\/div>\n\t\t\t\t\t<\/div>\n\t\t\t\t<\/div>\n\t\t<div class=\"elementor-element elementor-element-37e5f5f e-flex e-con-boxed e-con e-parent\" data-id=\"37e5f5f\" data-element_type=\"container\" data-e-type=\"container\" data-settings=\"{&quot;background_background&quot;:&quot;classic&quot;}\">\n\t\t\t\t\t<div class=\"e-con-inner\">\n\t\t\t\t<div class=\"elementor-element elementor-element-41142cb elementor-widget elementor-widget-heading\" data-id=\"41142cb\" data-element_type=\"widget\" data-e-type=\"widget\" data-widget_type=\"heading.default\">\n\t\t\t\t<div class=\"elementor-widget-container\">\n\t\t\t\t\t<h2 class=\"elementor-heading-title elementor-size-default\">Dodatkowe elementy<\/h2>\t\t\t\t<\/div>\n\t\t\t\t<\/div>\n\t\t\t\t<div class=\"elementor-element elementor-element-a5d560c elementor-widget elementor-widget-text-editor\" data-id=\"a5d560c\" data-element_type=\"widget\" data-e-type=\"widget\" data-widget_type=\"text-editor.default\">\n\t\t\t\t<div class=\"elementor-widget-container\">\n\t\t\t\t\t\t\t\t\t<ul><li data-start=\"2986\" data-end=\"3070\"><p data-start=\"2988\" data-end=\"3070\"><strong data-start=\"2988\" data-end=\"3013\">Bezpiecze\u0144stwo sklepu<\/strong> \u2013 kopie zapasowe, certyfikaty SSL, ochrona przed atakami<\/p><\/li><li data-start=\"3071\" data-end=\"3154\"><p data-start=\"3073\" data-end=\"3154\"><strong data-start=\"3073\" data-end=\"3092\">Migracje danych<\/strong> \u2013 przenoszenie sklepu, produkt\u00f3w, klient\u00f3w pomi\u0119dzy systemami<\/p><\/li><li data-start=\"3155\" data-end=\"3226\"><p data-start=\"3157\" data-end=\"3226\"><strong data-start=\"3157\" data-end=\"3192\">Integracje z por\u00f3wnywarkami cen<\/strong> (Ceneo, Sk\u0105piec, Google Shopping)<\/p><\/li><li data-start=\"3227\" data-end=\"3275\"><p data-start=\"3229\" data-end=\"3275\"><strong data-start=\"3229\" data-end=\"3275\">Zarz\u0105dzanie opiniami i recenzjami klient\u00f3w<\/strong><\/p><\/li><li data-start=\"3276\" data-end=\"3332\"><p data-start=\"3278\" data-end=\"3332\"><strong data-start=\"3278\" data-end=\"3332\">Tworzenie landing page\u2019y promocyjnych i sezonowych<\/strong><\/p><\/li><li data-start=\"3333\" data-end=\"3371\"><p data-start=\"3335\" data-end=\"3371\"><strong data-start=\"3335\" data-end=\"3371\">Monitoring pozycji i konkurencji<\/strong><\/p><\/li><li data-start=\"3372\" data-end=\"3465\"><p data-start=\"3374\" data-end=\"3465\"><strong data-start=\"3374\" data-end=\"3424\">Wsparcie przy wdra\u017caniu nowych funkcjonalno\u015bci<\/strong> (nowe modu\u0142y, metody p\u0142atno\u015bci, dostawa)<\/p><\/li><li data-start=\"3466\" data-end=\"3533\"><p data-start=\"3468\" data-end=\"3533\"><strong data-start=\"3468\" data-end=\"3533\">Raportowanie efekt\u00f3w \u2013 regularne raporty z wykonanych dzia\u0142a\u0144<\/strong><\/p><\/li><\/ul>\t\t\t\t\t\t\t\t<\/div>\n\t\t\t\t<\/div>\n\t\t\t\t\t<\/div>\n\t\t\t\t<\/div>\n\t\t\t\t<\/div>\n\t\t","protected":false},"excerpt":{"rendered":"<p>Kompleksowa Obs\u0142uga Sklep\u00f3w Internetowych \u2013 Technicznie i Marketingowo Zadbaj o sw\u00f3j e-sklep od A do Z! Oferujemy pe\u0142ne wsparcie techniczne, integracje, aktualizacje, pozycjonowanie i nowoczesny marketing, a w pakiecie rozszerzonym \u2013 tak\u017ce obs\u0142ug\u0119 zam\u00f3wie\u0144 i rozlicze\u0144. Dzi\u0119ki nam Tw\u00f3j sklep dzia\u0142a p\u0142ynnie, a Ty mo\u017cesz zaj\u0105\u0107 si\u0119 rozwojem biznesu. Pakiet Podstawowy Techniczne zaplecze sklepu W [&hellip;]<\/p>\n","protected":false},"author":1,"featured_media":0,"parent":0,"menu_order":0,"comment_status":"closed","ping_status":"closed","template":"","meta":{"site-sidebar-layout":"no-sidebar","site-content-layout":"","ast-site-content-layout":"full-width-container","site-content-style":"default","site-sidebar-style":"default","ast-global-header-display":"","ast-banner-title-visibility":"","ast-main-header-display":"","ast-hfb-above-header-display":"","ast-hfb-below-header-display":"","ast-hfb-mobile-header-display":"","site-post-title":"disabled","ast-breadcrumbs-content":"","ast-featured-img":"disabled","footer-sml-layout":"","ast-disable-related-posts":"","theme-transparent-header-meta":"","adv-header-id-meta":"","stick-header-meta":"","header-above-stick-meta":"","header-main-stick-meta":"","header-below-stick-meta":"","astra-migrate-meta-layouts":"default","ast-page-background-enabled":"default","ast-page-background-meta":{"desktop":{"background-color":"var(--ast-global-color-4)","background-image":"","background-repeat":"repeat","background-position":"center center","background-size":"auto","background-attachment":"scroll","background-type":"","background-media":"","overlay-type":"","overlay-color":"","overlay-opacity":"","overlay-gradient":""},"tablet":{"background-color":"","background-image":"","background-repeat":"repeat","background-position":"center center","background-size":"auto","background-attachment":"scroll","background-type":"","background-media":"","overlay-type":"","overlay-color":"","overlay-opacity":"","overlay-gradient":""},"mobile":{"background-color":"","background-image":"","background-repeat":"repeat","background-position":"center center","background-size":"auto","background-attachment":"scroll","background-type":"","background-media":"","overlay-type":"","overlay-color":"","overlay-opacity":"","overlay-gradient":""}},"ast-content-background-meta":{"desktop":{"background-color":"var(--ast-global-color-5)","background-image":"","background-repeat":"repeat","background-position":"center center","background-size":"auto","background-attachment":"scroll","background-type":"","background-media":"","overlay-type":"","overlay-color":"","overlay-opacity":"","overlay-gradient":""},"tablet":{"background-color":"var(--ast-global-color-5)","background-image":"","background-repeat":"repeat","background-position":"center center","background-size":"auto","background-attachment":"scroll","background-type":"","background-media":"","overlay-type":"","overlay-color":"","overlay-opacity":"","overlay-gradient":""},"mobile":{"background-color":"var(--ast-global-color-5)","background-image":"","background-repeat":"repeat","background-position":"center center","background-size":"auto","background-attachment":"scroll","background-type":"","background-media":"","overlay-type":"","overlay-color":"","overlay-opacity":"","overlay-gradient":""}},"footnotes":""},"class_list":["post-895","page","type-page","status-publish","hentry"],"_links":{"self":[{"href":"https:\/\/netpulsar.pl\/index.php\/wp-json\/wp\/v2\/pages\/895","targetHints":{"allow":["GET"]}}],"collection":[{"href":"https:\/\/netpulsar.pl\/index.php\/wp-json\/wp\/v2\/pages"}],"about":[{"href":"https:\/\/netpulsar.pl\/index.php\/wp-json\/wp\/v2\/types\/page"}],"author":[{"embeddable":true,"href":"https:\/\/netpulsar.pl\/index.php\/wp-json\/wp\/v2\/users\/1"}],"replies":[{"embeddable":true,"href":"https:\/\/netpulsar.pl\/index.php\/wp-json\/wp\/v2\/comments?post=895"}],"version-history":[{"count":40,"href":"https:\/\/netpulsar.pl\/index.php\/wp-json\/wp\/v2\/pages\/895\/revisions"}],"predecessor-version":[{"id":1023,"href":"https:\/\/netpulsar.pl\/index.php\/wp-json\/wp\/v2\/pages\/895\/revisions\/1023"}],"wp:attachment":[{"href":"https:\/\/netpulsar.pl\/index.php\/wp-json\/wp\/v2\/media?parent=895"}],"curies":[{"name":"wp","href":"https:\/\/api.w.org\/{rel}","templated":true}]}}